{"id":1665,"date":"2022-03-18T07:26:58","date_gmt":"2022-03-18T07:26:58","guid":{"rendered":"http:\/\/gratereauxdelva.com\/?page_id=1665"},"modified":"2022-03-18T07:27:14","modified_gmt":"2022-03-18T07:27:14","slug":"successions","status":"publish","type":"page","link":"https:\/\/gratereauxdelva.com\/pl\/sukcesje\/","title":{"rendered":"Sukcesje"},"content":{"rendered":"<p>Gratereaux Delva i doc. posiada bogate i uznane do\u015bwiadczenie w doradztwie personalnym zwi\u0105zanym z prawem spadkowym.<\/p>\r\n\r\n\r\n\r\n<ol class=\"wp-block-list\">\r\n<li>Doradztwo w zakresie sporz\u0105dzania testament\u00f3w: wszcz\u0119cie dziedziczenia, zar\u00f3wno testamentowego, jak i testamentowego, zapis\u00f3w, zarz\u0105dzanie spadkiem i jego spadkiem, poszukiwanie i ustalenie maj\u0105tku dziedzicznego, odzyskanie maj\u0105tku os\u00f3b trzecich, zakwestionowanie czynno\u015bci symulacyjnych, uznanie stanu spadkobiercy i konflikty spadkowe w og\u00f3le.<\/li>\r\n<li>Doradztwo w zakresie przeznaczenia maj\u0105tku na wypadek \u015bmierci oraz czynno\u015bci prawnych w obronie praw spadkowych.<\/li>\r\n<li>Przenoszenie dziedziczenia i zdolno\u015b\u0107 do odniesienia sukcesu.<\/li>\r\n<li>Post\u0119powanie spadkowe.<\/li>\r\n<li>Rozbiory s\u0105dowe i prywatne. Przegrody mieszane i homologacja przyjaznych um\u00f3w przegr\u00f3d.<\/li>\r\n<\/ol>","protected":false},"excerpt":{"rendered":"<p>Gratereaux Delva i doc. posiada szerokie i uznane do\u015bwiadczenie w doradztwie personalnym zwi\u0105zanym z prawem spadkowym. Doradztwo w zakresie sporz\u0105dzania testament\u00f3w: inicjowanie dziedziczenia testamentowego i ustawowego, zapisy, zarz\u0105d spadkiem i jego dziedzictwem, poszukiwanie i identyfikacja sk\u0142adnik\u00f3w maj\u0105tku dziedzicznego, odzyskiwanie maj\u0105tku os\u00f3b trzecich, kwestionowanie pozorowanych czynno\u015bci, uznawanie\u2026<\/p>","protected":false},"author":1,"featured_media":0,"parent":0,"menu_order":0,"comment_status":"closed","ping_status":"closed","template":"","meta":{"footnotes":""},"class_list":["post-1665","page","type-page","status-publish","hentry","description-off"],"aioseo_notices":[],"_links":{"self":[{"href":"https:\/\/gratereauxdelva.com\/pl\/wp-json\/wp\/v2\/pages\/1665","targetHints":{"allow":["GET"]}}],"collection":[{"href":"https:\/\/gratereauxdelva.com\/pl\/wp-json\/wp\/v2\/pages"}],"about":[{"href":"https:\/\/gratereauxdelva.com\/pl\/wp-json\/wp\/v2\/types\/page"}],"author":[{"embeddable":true,"href":"https:\/\/gratereauxdelva.com\/pl\/wp-json\/wp\/v2\/users\/1"}],"replies":[{"embeddable":true,"href":"https:\/\/gratereauxdelva.com\/pl\/wp-json\/wp\/v2\/comments?post=1665"}],"version-history":[{"count":2,"href":"https:\/\/gratereauxdelva.com\/pl\/wp-json\/wp\/v2\/pages\/1665\/revisions"}],"predecessor-version":[{"id":1667,"href":"https:\/\/gratereauxdelva.com\/pl\/wp-json\/wp\/v2\/pages\/1665\/revisions\/1667"}],"wp:attachment":[{"href":"https:\/\/gratereauxdelva.com\/pl\/wp-json\/wp\/v2\/media?parent=1665"}],"curies":[{"name":"wp","href":"https:\/\/api.w.org\/{rel}","templated":true}]}}