{"id":1610,"date":"2022-02-17T14:22:58","date_gmt":"2022-02-17T14:22:58","guid":{"rendered":"http:\/\/gratereauxdelva.com\/?page_id=1610"},"modified":"2026-04-06T16:50:28","modified_gmt":"2026-04-06T16:50:28","slug":"civil-law","status":"publish","type":"page","link":"https:\/\/gratereauxdelva.com\/pl\/prawo-cywilne\/","title":{"rendered":"Prawo cywilne"},"content":{"rendered":"<div class=\"wpb-content-wrapper\"><div class=\"vc_row wpb_row vc_row-fluid\"><div class=\"wpb_column vc_column_container vc_col-sm-12\"><div class=\"vc_column-inner\"><div class=\"wpb_wrapper\">\n\t<div class=\"wpb_text_column wpb_content_element\" >\n\t\t<div class=\"wpb_wrapper\">\n\t\t\t<p>W Gratereaux Delva i doc. gwarantujemy naszym klientom najlepsze wyniki, niezale\u017cnie od prze\u017cywanego przez nich problemu rodzinnego czy cywilnego. Nale\u017cy podkre\u015bli\u0107, \u017ce prawnik cywilny specjalizuje si\u0119 w sprawach dotycz\u0105cych dziedziczenia i dziedziczenia, um\u00f3w, prawa rodzinnego, rozwod\u00f3w, separacji maj\u0105tku, hipotek s\u0105dowych i konwencjonalnych. Dodatkowo pomagamy po\u015bredniczy\u0107 w sporach pomi\u0119dzy osobami i organizacjami.<\/p>\n\n\t\t<\/div>\n\t<\/div>\n<\/div><\/div><\/div><\/div>\n<\/div>","protected":false},"excerpt":{"rendered":"<p>W Gratereaux Delva &amp; Assoc. gwarantujemy naszym Klientom najlepsze rezultaty, niezale\u017cnie od tego, z jakim problemem rodzinnym czy cywilnym si\u0119 borykaj\u0105. Warto podkre\u015bli\u0107, \u017ce prawnik cywilny specjalizuje si\u0119 w sprawach z zakresu spadku i sukcesji, um\u00f3w, prawa rodzinnego, rozwod\u00f3w, separacji maj\u0105tku, hipotek s\u0105dowych i konwencjonalnych. Dodatkowo pomagamy w mediacji w sporach\u2026<\/p>","protected":false},"author":1,"featured_media":0,"parent":0,"menu_order":0,"comment_status":"closed","ping_status":"closed","template":"","meta":{"footnotes":""},"class_list":["post-1610","page","type-page","status-publish","hentry","description-off"],"aioseo_notices":[],"_links":{"self":[{"href":"https:\/\/gratereauxdelva.com\/pl\/wp-json\/wp\/v2\/pages\/1610","targetHints":{"allow":["GET"]}}],"collection":[{"href":"https:\/\/gratereauxdelva.com\/pl\/wp-json\/wp\/v2\/pages"}],"about":[{"href":"https:\/\/gratereauxdelva.com\/pl\/wp-json\/wp\/v2\/types\/page"}],"author":[{"embeddable":true,"href":"https:\/\/gratereauxdelva.com\/pl\/wp-json\/wp\/v2\/users\/1"}],"replies":[{"embeddable":true,"href":"https:\/\/gratereauxdelva.com\/pl\/wp-json\/wp\/v2\/comments?post=1610"}],"version-history":[{"count":3,"href":"https:\/\/gratereauxdelva.com\/pl\/wp-json\/wp\/v2\/pages\/1610\/revisions"}],"predecessor-version":[{"id":1670,"href":"https:\/\/gratereauxdelva.com\/pl\/wp-json\/wp\/v2\/pages\/1610\/revisions\/1670"}],"wp:attachment":[{"href":"https:\/\/gratereauxdelva.com\/pl\/wp-json\/wp\/v2\/media?parent=1610"}],"curies":[{"name":"wp","href":"https:\/\/api.w.org\/{rel}","templated":true}]}}