{"id":1608,"date":"2022-02-17T14:16:15","date_gmt":"2022-02-17T14:16:15","guid":{"rendered":"http:\/\/gratereauxdelva.com\/?page_id=1608"},"modified":"2026-04-06T16:50:27","modified_gmt":"2026-04-06T16:50:27","slug":"criminal-law","status":"publish","type":"page","link":"https:\/\/gratereauxdelva.com\/pl\/prawo-karne\/","title":{"rendered":"Prawo karne"},"content":{"rendered":"<div class=\"wpb-content-wrapper\"><div class=\"vc_row wpb_row vc_row-fluid\"><div class=\"wpb_column vc_column_container vc_col-sm-12\"><div class=\"vc_column-inner\"><div class=\"wpb_wrapper\">\n\t<div class=\"wpb_text_column wpb_content_element\" >\n\t\t<div class=\"wpb_wrapper\">\n\t\t\t<p>Gratereaux Delva i doc. posiada zesp\u00f3\u0142 prawnik\u00f3w z du\u017cym do\u015bwiadczeniem w zakresie prawa karnego, w tym oszustw finansowych i gospodarczych, szk\u00f3d maj\u0105tkowych oraz bezpiecze\u0144stwa komputerowego. Oferujemy wytyczne w nast\u0119puj\u0105cych kwestiach: oszustwa, oszustwa korporacyjne i defraudacje, przest\u0119pczo\u015b\u0107 gospodarcza, cyberprzest\u0119pczo\u015b\u0107 i piractwo, zapobieganie praniu pieni\u0119dzy i finansowaniu terroryzmu, przest\u0119pstwa skarbowe i podatkowe, fa\u0142szerstwa, przest\u0119pstwa przeciwko \u015brodowisku, w\u0142asno\u015b\u0107 intelektualna, przest\u0119pstwa przeciwko mieniu, zaniedbania i przest\u0119pstwa nieumy\u015blne, ekstradycja a mi\u0119dzynarodowe prawo karne, og\u00f3lne prawo karne i prawo post\u0119powania karnego.<\/p>\n\n\t\t<\/div>\n\t<\/div>\n<\/div><\/div><\/div><\/div>\n<\/div>","protected":false},"excerpt":{"rendered":"<p>Gratereaux Delva i doc. mo\u017ce poszczyci\u0107 si\u0119 zespo\u0142em prawnik\u00f3w posiadaj\u0105cych du\u017ce do\u015bwiadczenie w prawie karnym, w tym w zakresie oszustw finansowych i gospodarczych, szk\u00f3d na mieniu gospodarczym oraz bezpiecze\u0144stwa komputerowego. Oferujemy doradztwo w nast\u0119puj\u0105cych zagadnieniach: oszustwa, oszustwa i defraudacje korporacyjne, przest\u0119pczo\u015b\u0107 gospodarcza, cyberprzest\u0119pczo\u015b\u0107 i piractwo, przeciwdzia\u0142anie praniu pieni\u0119dzy i finansowaniu terroryzmu, kwestie fiskalne i podatkowe\u2026<\/p>","protected":false},"author":1,"featured_media":0,"parent":0,"menu_order":0,"comment_status":"closed","ping_status":"closed","template":"","meta":{"footnotes":""},"class_list":["post-1608","page","type-page","status-publish","hentry","description-off"],"aioseo_notices":[],"_links":{"self":[{"href":"https:\/\/gratereauxdelva.com\/pl\/wp-json\/wp\/v2\/pages\/1608","targetHints":{"allow":["GET"]}}],"collection":[{"href":"https:\/\/gratereauxdelva.com\/pl\/wp-json\/wp\/v2\/pages"}],"about":[{"href":"https:\/\/gratereauxdelva.com\/pl\/wp-json\/wp\/v2\/types\/page"}],"author":[{"embeddable":true,"href":"https:\/\/gratereauxdelva.com\/pl\/wp-json\/wp\/v2\/users\/1"}],"replies":[{"embeddable":true,"href":"https:\/\/gratereauxdelva.com\/pl\/wp-json\/wp\/v2\/comments?post=1608"}],"version-history":[{"count":3,"href":"https:\/\/gratereauxdelva.com\/pl\/wp-json\/wp\/v2\/pages\/1608\/revisions"}],"predecessor-version":[{"id":1669,"href":"https:\/\/gratereauxdelva.com\/pl\/wp-json\/wp\/v2\/pages\/1608\/revisions\/1669"}],"wp:attachment":[{"href":"https:\/\/gratereauxdelva.com\/pl\/wp-json\/wp\/v2\/media?parent=1608"}],"curies":[{"name":"wp","href":"https:\/\/api.w.org\/{rel}","templated":true}]}}