{"id":1606,"date":"2022-02-17T14:13:54","date_gmt":"2022-02-17T14:13:54","guid":{"rendered":"http:\/\/gratereauxdelva.com\/?page_id=1606"},"modified":"2026-04-06T16:50:25","modified_gmt":"2026-04-06T16:50:25","slug":"divorce","status":"publish","type":"page","link":"https:\/\/gratereauxdelva.com\/pl\/rozwod\/","title":{"rendered":"Rozw\u00f3d"},"content":{"rendered":"<div class=\"wpb-content-wrapper\"><div class=\"vc_row wpb_row vc_row-fluid\"><div class=\"wpb_column vc_column_container vc_col-sm-12\"><div class=\"vc_column-inner\"><div class=\"wpb_wrapper\">\n\t<div class=\"wpb_text_column wpb_content_element\" >\n\t\t<div class=\"wpb_wrapper\">\n\t\t\t<p>W naszym kraju ustanowiono ekspres lub rozw\u00f3d \u201ena parze\u201d, aby zapewni\u0107 zadowalaj\u0105ce i sprawne rozwi\u0105zania, zw\u0142aszcza dla os\u00f3b, kt\u00f3re zawar\u0142y zwi\u0105zek ma\u0142\u017ce\u0144ski w innym kraju, kt\u00f3re kwalifikuj\u0105 si\u0119 do uzyskania rozwodu w Republice Dominikany w kr\u00f3tkim czasie.<\/p>\n<p>Wymagane jest jednak, aby byli rezydentami za granic\u0105, zawarli ma\u0142\u017ce\u0144stwo w innych krajach lub byli obywatelami innych kraj\u00f3w. Ponadto musz\u0105 swobodnie i dobrowolnie zdecydowa\u0107 o przyznaniu jurysdykcji s\u0105dowi dominika\u0144skiemu w celu rozwi\u0105zania ich ma\u0142\u017ce\u0144stwa. Dzi\u0119ki umocowaniu prawnemu naszych biur przeprowadzamy t\u0119 procedur\u0119, kt\u00f3ra rozpoczyna si\u0119 po dostarczeniu wymaganych dokument\u00f3w. Podczas ca\u0142ego tego procesu tylko jeden z ma\u0142\u017conk\u00f3w musi stawi\u0107 si\u0119 i na jednej rozprawie.<\/p>\n\n\t\t<\/div>\n\t<\/div>\n<\/div><\/div><\/div><\/div>\n<\/div>","protected":false},"excerpt":{"rendered":"<p>Rozw\u00f3d Ekspresowy lub \u201eA Vapor\u201d zosta\u0142 wprowadzony w naszym kraju, aby zapewni\u0107 satysfakcjonuj\u0105ce i sprawne rozwi\u0105zania, szczeg\u00f3lnie dla os\u00f3b, kt\u00f3re zawar\u0142y zwi\u0105zek ma\u0142\u017ce\u0144ski w innym kraju i kt\u00f3re kwalifikuj\u0105 si\u0119 do uzyskania rozwodu na Dominikanie w kr\u00f3tkim czasie. Wymagane jest jednak, aby zamieszkiwali za granic\u0105, zawar\u0142y zwi\u0105zek ma\u0142\u017ce\u0144ski w innym\u2026<\/p>","protected":false},"author":1,"featured_media":0,"parent":0,"menu_order":0,"comment_status":"closed","ping_status":"closed","template":"","meta":{"footnotes":""},"class_list":["post-1606","page","type-page","status-publish","hentry","description-off"],"aioseo_notices":[],"_links":{"self":[{"href":"https:\/\/gratereauxdelva.com\/pl\/wp-json\/wp\/v2\/pages\/1606","targetHints":{"allow":["GET"]}}],"collection":[{"href":"https:\/\/gratereauxdelva.com\/pl\/wp-json\/wp\/v2\/pages"}],"about":[{"href":"https:\/\/gratereauxdelva.com\/pl\/wp-json\/wp\/v2\/types\/page"}],"author":[{"embeddable":true,"href":"https:\/\/gratereauxdelva.com\/pl\/wp-json\/wp\/v2\/users\/1"}],"replies":[{"embeddable":true,"href":"https:\/\/gratereauxdelva.com\/pl\/wp-json\/wp\/v2\/comments?post=1606"}],"version-history":[{"count":2,"href":"https:\/\/gratereauxdelva.com\/pl\/wp-json\/wp\/v2\/pages\/1606\/revisions"}],"predecessor-version":[{"id":1668,"href":"https:\/\/gratereauxdelva.com\/pl\/wp-json\/wp\/v2\/pages\/1606\/revisions\/1668"}],"wp:attachment":[{"href":"https:\/\/gratereauxdelva.com\/pl\/wp-json\/wp\/v2\/media?parent=1606"}],"curies":[{"name":"wp","href":"https:\/\/api.w.org\/{rel}","templated":true}]}}