{"id":1604,"date":"2022-02-17T14:11:55","date_gmt":"2022-02-17T14:11:55","guid":{"rendered":"http:\/\/gratereauxdelva.com\/?page_id=1604"},"modified":"2022-02-17T14:11:57","modified_gmt":"2022-02-17T14:11:57","slug":"inheritance","status":"publish","type":"page","link":"https:\/\/gratereauxdelva.com\/pl\/dziedzictwo\/","title":{"rendered":"Dziedzictwo"},"content":{"rendered":"<p>Gratereaux Delva i doc. posiada bogate i uznane do\u015bwiadczenie w doradztwie personalnym zwi\u0105zanym z prawem spadkowym.<\/p>\n\n\n\n<ol class=\"wp-block-list\"><li>Doradztwo w zakresie sporz\u0105dzania testament\u00f3w; inicjowanie dziedziczenia, zar\u00f3wno testamentowego, jak i testamentowego; spu\u015bcizny; zarz\u0105dzanie dziedzictwem spadkowym; poszukiwanie i identyfikacja maj\u0105tku dziedzicznego; odzyskiwanie aktyw\u00f3w posiadanych przez osoby trzecie; wyzwanie symulowanych akt\u00f3w; uznanie stanu spadkobiercy; konflikty spadkowe w og\u00f3le.<\/li><li>Doradztwo w zakresie przeznaczenia maj\u0105tku na wypadek \u015bmierci oraz czynno\u015bci prawnych w obronie praw spadkowych.<\/li><li>Przenoszenie dziedziczenia i zdolno\u015b\u0107 do odniesienia sukcesu:<\/li><li>Post\u0119powanie spadkowe.<\/li><li>Rozbiory s\u0105dowe i prywatne. Przegrody mieszane i homologacja przyjaznych um\u00f3w przegr\u00f3d.<\/li><\/ol>\n\n\n\n<p><\/p>","protected":false},"excerpt":{"rendered":"<p>Gratereaux Delva &amp; Asoc. posiada szerokie i uznane do\u015bwiadczenie w doradztwie osobistym zwi\u0105zanym z prawem spadkowym. Doradztwo w zakresie sporz\u0105dzania testament\u00f3w; inicjowanie dziedziczenia zar\u00f3wno testamentowego, jak i ustawowego; spadki; administrowanie dziedzictwem spadkowym; poszukiwanie i identyfikacja maj\u0105tku dziedzicznego; odzyskiwanie maj\u0105tku os\u00f3b trzecich; wyzwanie w postaci symulowanych czyn\u00f3w; uznanie dla\u2026<\/p>","protected":false},"author":1,"featured_media":0,"parent":0,"menu_order":0,"comment_status":"closed","ping_status":"closed","template":"","meta":{"footnotes":""},"class_list":["post-1604","page","type-page","status-publish","hentry","description-off"],"aioseo_notices":[],"_links":{"self":[{"href":"https:\/\/gratereauxdelva.com\/pl\/wp-json\/wp\/v2\/pages\/1604","targetHints":{"allow":["GET"]}}],"collection":[{"href":"https:\/\/gratereauxdelva.com\/pl\/wp-json\/wp\/v2\/pages"}],"about":[{"href":"https:\/\/gratereauxdelva.com\/pl\/wp-json\/wp\/v2\/types\/page"}],"author":[{"embeddable":true,"href":"https:\/\/gratereauxdelva.com\/pl\/wp-json\/wp\/v2\/users\/1"}],"replies":[{"embeddable":true,"href":"https:\/\/gratereauxdelva.com\/pl\/wp-json\/wp\/v2\/comments?post=1604"}],"version-history":[{"count":1,"href":"https:\/\/gratereauxdelva.com\/pl\/wp-json\/wp\/v2\/pages\/1604\/revisions"}],"predecessor-version":[{"id":1605,"href":"https:\/\/gratereauxdelva.com\/pl\/wp-json\/wp\/v2\/pages\/1604\/revisions\/1605"}],"wp:attachment":[{"href":"https:\/\/gratereauxdelva.com\/pl\/wp-json\/wp\/v2\/media?parent=1604"}],"curies":[{"name":"wp","href":"https:\/\/api.w.org\/{rel}","templated":true}]}}