{"id":1601,"date":"2022-02-17T14:08:14","date_gmt":"2022-02-17T14:08:14","guid":{"rendered":"http:\/\/gratereauxdelva.com\/?page_id=1601"},"modified":"2026-04-06T16:50:24","modified_gmt":"2026-04-06T16:50:24","slug":"tourism","status":"publish","type":"page","link":"https:\/\/gratereauxdelva.com\/pl\/turystyka\/","title":{"rendered":"Turystyka"},"content":{"rendered":"<div class=\"wpb-content-wrapper\"><div class=\"vc_row wpb_row vc_row-fluid\"><div class=\"wpb_column vc_column_container vc_col-sm-12\"><div class=\"vc_column-inner\"><div class=\"wpb_wrapper\">\n\t<div class=\"wpb_text_column wpb_content_element\" >\n\t\t<div class=\"wpb_wrapper\">\n\t\t\t<p>W 2007 roku \u015awiatowa Organizacja Turystyki okre\u015bli\u0142a Dominikan\u0119 jako \u201ekraj o najwi\u0119kszym potencjale turystycznym na obszarze Karaib\u00f3w\u201d (Dominicana on Line, 2008). Kraj ma przewag\u0119 pod wzgl\u0119dem bazy hotelowej i bezpo\u015brednich inwestycji zagranicznych, co sprzyja rozwojowi infrastruktury o\u015brodka.<\/p>\n<p>Republika Dominikany posiada ramy inwestycyjne, a tak\u017ce przepisy dotycz\u0105ce okre\u015blonych sektor\u00f3w. Og\u00f3ln\u0105 zasad\u0105 tych przepis\u00f3w jest to, \u017ce inwestorzy zagraniczni i inwestorzy krajowi maj\u0105 takie same prawa i obowi\u0105zki w zakresie inwestycji.<\/p>\n<p>W kraju istnieje system prawny sk\u0142adaj\u0105cy si\u0119 z zach\u0119t i ulg podatkowych s\u0142u\u017c\u0105cych wspieraniu rozwoju turystyki. Osoby fizyczne lub prawne, kt\u00f3re inwestuj\u0105 z promotorami lub deweloperami w projekty turystyczne, mog\u0105 odliczy\u0107 od dochodu netto podlegaj\u0105cego opodatkowaniu kwot\u0119 swoich inwestycji.<\/p>\n<p>Nasza firma posiada szerokie do\u015bwiadczenie w reprezentowaniu zagranicznych klient\u00f3w i inwestor\u00f3w w nabywaniu nieruchomo\u015bci i projekt\u00f3w turystycznych.<\/p>\n\n\t\t<\/div>\n\t<\/div>\n<\/div><\/div><\/div><\/div>\n<\/div>","protected":false},"excerpt":{"rendered":"<p>W 2007 roku \u015awiatowa Organizacja Turystyki uzna\u0142a Dominikan\u0119 za \u201eNar\u00f3d o najwi\u0119kszym potencjale turystycznym na obszarze Karaib\u00f3w\u201d (Dominicana on Line, 2008). Kraj ma przewag\u0119 pod wzgl\u0119dem liczby hoteli i bezpo\u015brednich inwestycji zagranicznych, co sprzyja rozwojowi infrastruktury destynacji. Dominikana inwestuje\u2026<\/p>","protected":false},"author":1,"featured_media":0,"parent":0,"menu_order":0,"comment_status":"closed","ping_status":"closed","template":"","meta":{"footnotes":""},"class_list":["post-1601","page","type-page","status-publish","hentry","description-off"],"aioseo_notices":[],"_links":{"self":[{"href":"https:\/\/gratereauxdelva.com\/pl\/wp-json\/wp\/v2\/pages\/1601","targetHints":{"allow":["GET"]}}],"collection":[{"href":"https:\/\/gratereauxdelva.com\/pl\/wp-json\/wp\/v2\/pages"}],"about":[{"href":"https:\/\/gratereauxdelva.com\/pl\/wp-json\/wp\/v2\/types\/page"}],"author":[{"embeddable":true,"href":"https:\/\/gratereauxdelva.com\/pl\/wp-json\/wp\/v2\/users\/1"}],"replies":[{"embeddable":true,"href":"https:\/\/gratereauxdelva.com\/pl\/wp-json\/wp\/v2\/comments?post=1601"}],"version-history":[{"count":3,"href":"https:\/\/gratereauxdelva.com\/pl\/wp-json\/wp\/v2\/pages\/1601\/revisions"}],"predecessor-version":[{"id":1664,"href":"https:\/\/gratereauxdelva.com\/pl\/wp-json\/wp\/v2\/pages\/1601\/revisions\/1664"}],"wp:attachment":[{"href":"https:\/\/gratereauxdelva.com\/pl\/wp-json\/wp\/v2\/media?parent=1601"}],"curies":[{"name":"wp","href":"https:\/\/api.w.org\/{rel}","templated":true}]}}