{"id":1599,"date":"2022-02-17T14:05:15","date_gmt":"2022-02-17T14:05:15","guid":{"rendered":"http:\/\/gratereauxdelva.com\/?page_id=1599"},"modified":"2026-04-06T16:50:22","modified_gmt":"2026-04-06T16:50:22","slug":"real-estate-law","status":"publish","type":"page","link":"https:\/\/gratereauxdelva.com\/pl\/prawo-nieruchomosci\/","title":{"rendered":"Prawo nieruchomo\u015bci"},"content":{"rendered":"<div class=\"wpb-content-wrapper\"><div class=\"vc_row wpb_row vc_row-fluid\"><div class=\"wpb_column vc_column_container vc_col-sm-12\"><div class=\"vc_column-inner\"><div class=\"wpb_wrapper\">\n\t<div class=\"wpb_text_column wpb_content_element\" >\n\t\t<div class=\"wpb_wrapper\">\n\t\t\t<p>Kancelaria zajmuje si\u0119 wszystkimi aspektami zwi\u0105zanymi ze sprzeda\u017c\u0105 nieruchomo\u015bci, od pocz\u0105tku transakcji do jej zawarcia, reprezentuj\u0105c klienta w ca\u0142ym procesie. Pomoc, kt\u00f3r\u0105 oferujemy rozci\u0105ga si\u0119 od nabycia dom\u00f3w, jednostek mieszkalnych lub gospodarstw rolnych, po nabycie du\u017cych powierzchni pod projekty, urbanizacje, hotele, budow\u0119 kondominium, procedury kredytowe na zakup nieruchomo\u015bci, ubezpieczenia i umowy budowlane.<br \/>Posiadanie rozleg\u0142ego szkolenia i wiedzy w zakresie nowej ustawy o ewidencji nieruchomo\u015bci (Ustawa 108-05), jej przepis\u00f3w i ustaw uzupe\u0142niaj\u0105cych.<\/p>\n<p>Doradzamy klientowi w zakresie rz\u0105dowych i\/lub miejskich ogranicze\u0144 i przepis\u00f3w dotycz\u0105cych obszar\u00f3w, u\u017cytkowania grunt\u00f3w i \u015brodowiska. Dostarczenie klientom wcze\u015bniejszej wiedzy opartej na wykonalno\u015bci projektu.<\/p>\n<p>Przeprowadzanie wszystkich procedur a\u017c do uzyskania tytu\u0142u w\u0142asno\u015bci w imieniu naszych klient\u00f3w, reprezentowanie i dbanie o ich interesy w zarz\u0105dzaniu zezwoleniami budowlanymi, op\u0142acaniem podatk\u00f3w i zatwierdzaniem projekt\u00f3w.<\/p>\n<p>Zajmujemy si\u0119 r\u00f3wnie\u017c procesami rozlicze\u0144 i windykacji, eksmisj\u0105 nieruchomo\u015bci, sporami s\u0105dowymi na gruncie, a tak\u017ce doradztwem w zakresie najmu lokali mieszkalnych i komercyjnych.<\/p>\n\n\t\t<\/div>\n\t<\/div>\n<\/div><\/div><\/div><\/div>\n<\/div>","protected":false},"excerpt":{"rendered":"<p>Kancelaria zajmuje si\u0119 wszystkimi aspektami zwi\u0105zanymi ze sprzeda\u017c\u0105 nieruchomo\u015bci, od pocz\u0105tku transakcji do jej zako\u0144czenia, reprezentuj\u0105c klienta przez ca\u0142y proces. Oferowana przez nas pomoc obejmuje nabycie dom\u00f3w, mieszka\u0144 lub gospodarstw rolnych, a\u017c po nabycie du\u017cych powierzchni pod realizacj\u0119 projekt\u00f3w, urbanizacji, hoteli,\u2026<\/p>","protected":false},"author":1,"featured_media":0,"parent":0,"menu_order":0,"comment_status":"closed","ping_status":"closed","template":"","meta":{"footnotes":""},"class_list":["post-1599","page","type-page","status-publish","hentry","description-off"],"aioseo_notices":[],"_links":{"self":[{"href":"https:\/\/gratereauxdelva.com\/pl\/wp-json\/wp\/v2\/pages\/1599","targetHints":{"allow":["GET"]}}],"collection":[{"href":"https:\/\/gratereauxdelva.com\/pl\/wp-json\/wp\/v2\/pages"}],"about":[{"href":"https:\/\/gratereauxdelva.com\/pl\/wp-json\/wp\/v2\/types\/page"}],"author":[{"embeddable":true,"href":"https:\/\/gratereauxdelva.com\/pl\/wp-json\/wp\/v2\/users\/1"}],"replies":[{"embeddable":true,"href":"https:\/\/gratereauxdelva.com\/pl\/wp-json\/wp\/v2\/comments?post=1599"}],"version-history":[{"count":2,"href":"https:\/\/gratereauxdelva.com\/pl\/wp-json\/wp\/v2\/pages\/1599\/revisions"}],"predecessor-version":[{"id":1663,"href":"https:\/\/gratereauxdelva.com\/pl\/wp-json\/wp\/v2\/pages\/1599\/revisions\/1663"}],"wp:attachment":[{"href":"https:\/\/gratereauxdelva.com\/pl\/wp-json\/wp\/v2\/media?parent=1599"}],"curies":[{"name":"wp","href":"https:\/\/api.w.org\/{rel}","templated":true}]}}