{"id":1595,"date":"2022-02-17T13:58:50","date_gmt":"2022-02-17T13:58:50","guid":{"rendered":"http:\/\/gratereauxdelva.com\/?page_id=1595"},"modified":"2022-03-18T07:20:25","modified_gmt":"2022-03-18T07:20:25","slug":"labor-law","status":"publish","type":"page","link":"https:\/\/gratereauxdelva.com\/it\/diritto-del-lavoro\/","title":{"rendered":"Diritto del lavoro"},"content":{"rendered":"<div class=\"wpb-content-wrapper\"><div class=\"vc_row wpb_row vc_row-fluid\"><div class=\"wpb_column vc_column_container vc_col-sm-12\"><div class=\"vc_column-inner\"><div class=\"wpb_wrapper\">\n\t<div class=\"wpb_text_column wpb_content_element\" >\n\t\t<div class=\"wpb_wrapper\">\n\t\t\t<p>Originariamente il nostro studio era specializzato in diritto del lavoro.<br \/>Posizionati e riconosciuti in questo settore per la qualit\u00e0 delle nostre prestazioni, assistiamo da diversi anni prestigiose aziende.<\/p>\n<p>Tuttavia, la nostra attivit\u00e0 non si limita a fornire consulenza del lavoro per le aziende, abbiamo anche una vasta esperienza nella consulenza e nella difesa dei lavoratori.<br \/>I nostri avvocati si sono seduti su entrambi i lati del tavolo, fornendoci una visione globale pi\u00f9 ampia, poich\u00e9 affrontiamo tutti i tipi di casi.<br \/>Servizi di avvocato del lavoro<br \/>Come parte del nostro staff, abbiamo attualmente i migliori avvocati del lavoro con sede a Puerto Plata, Santo Domingo e Nagua, tutti con una vasta esperienza nella consulenza e nella difesa sia dei lavoratori che degli uomini d&#039;affari.<\/p>\n<p>Attraverso questo team di professionisti di accreditata solidit\u00e0, forniamo servizi in tutti i settori del diritto del lavoro e della previdenza sociale, offrendo consulenza e difesa legale in tutte le materie integrate nei seguenti ambiti:<br \/>1. Cause di lavoro<br \/>2. Sfratti<br \/>3. Licenziamenti<br \/>4. Molestie sul posto di lavoro<br \/>5. Negoziazione di contratti collettivi (settoriali e aziendali)<br \/>6. Previdenza sociale<br \/>7. Procedimenti avanti al Ministero del Lavoro<br \/>8. Prevenzione dei rischi professionali<br \/>9. Predisposizione modulistica personale permanente e rapporti al TSS<\/p>\n\n\t\t<\/div>\n\t<\/div>\n<\/div><\/div><\/div><\/div>\n<\/div>","protected":false},"excerpt":{"rendered":"<p>Il nostro studio \u00e8 originariamente specializzato nel diritto del lavoro. Posizionati e riconosciuti in questo settore per la qualit\u00e0 delle nostre prestazioni, assistiamo da diversi anni aziende prestigiose. Tuttavia, la nostra attivit\u00e0 non si limita alla consulenza del lavoro per le aziende, abbiamo anche una vasta esperienza nella consulenza e nella difesa dei lavoratori. I nostri avvocati si sono seduti su entrambi i lati di...<\/p>","protected":false},"author":1,"featured_media":0,"parent":0,"menu_order":0,"comment_status":"closed","ping_status":"closed","template":"","meta":{"footnotes":""},"class_list":["post-1595","page","type-page","status-publish","hentry","description-off"],"aioseo_notices":[],"_links":{"self":[{"href":"https:\/\/gratereauxdelva.com\/it\/wp-json\/wp\/v2\/pages\/1595","targetHints":{"allow":["GET"]}}],"collection":[{"href":"https:\/\/gratereauxdelva.com\/it\/wp-json\/wp\/v2\/pages"}],"about":[{"href":"https:\/\/gratereauxdelva.com\/it\/wp-json\/wp\/v2\/types\/page"}],"author":[{"embeddable":true,"href":"https:\/\/gratereauxdelva.com\/it\/wp-json\/wp\/v2\/users\/1"}],"replies":[{"embeddable":true,"href":"https:\/\/gratereauxdelva.com\/it\/wp-json\/wp\/v2\/comments?post=1595"}],"version-history":[{"count":2,"href":"https:\/\/gratereauxdelva.com\/it\/wp-json\/wp\/v2\/pages\/1595\/revisions"}],"predecessor-version":[{"id":1662,"href":"https:\/\/gratereauxdelva.com\/it\/wp-json\/wp\/v2\/pages\/1595\/revisions\/1662"}],"wp:attachment":[{"href":"https:\/\/gratereauxdelva.com\/it\/wp-json\/wp\/v2\/media?parent=1595"}],"curies":[{"name":"parola chiave","href":"https:\/\/api.w.org\/{rel}","templated":true}]}}