{"id":1759,"date":"2023-05-16T21:23:06","date_gmt":"2023-05-16T21:23:06","guid":{"rendered":"https:\/\/gratereauxdelva.com\/?page_id=1759"},"modified":"2023-05-16T21:26:14","modified_gmt":"2023-05-16T21:26:14","slug":"residency","status":"publish","type":"page","link":"https:\/\/gratereauxdelva.com\/fr\/residence\/","title":{"rendered":"Demande de r\u00e9sidence en R\u00e9publique dominicaine"},"content":{"rendered":"<div class=\"wpb-content-wrapper\"><div class=\"vc_row wpb_row vc_row-fluid\"><div class=\"wpb_column vc_column_container vc_col-sm-12\"><div class=\"vc_column-inner\"><div class=\"wpb_wrapper\">\n\t<div class=\"wpb_text_column wpb_content_element\" >\n\t\t<div class=\"wpb_wrapper\">\n\t\t\t<p>Bienvenue dans la belle et enchanteresse R\u00e9publique dominicaine ! Ce paradis des Cara\u00efbes n&#039;est pas seulement une destination touristique populaire, mais aussi un endroit id\u00e9al pour ceux qui cherchent \u00e0 \u00e9tablir leur r\u00e9sidence. Avec sa beaut\u00e9 naturelle \u00e9poustouflante, sa riche histoire et ses habitants chaleureux et amicaux, la R\u00e9publique dominicaine offre de nombreux avantages \u00e0 ceux qui choisissent d&#039;y habiter. Dans cet article, nous explorerons les avantages d&#039;obtenir la r\u00e9sidence en R\u00e9publique dominicaine et les services fournis par Gratereaux Delva &amp; Associates pour vous aider \u00e0 faire de ce r\u00eave une r\u00e9alit\u00e9.<\/p>\n<p>Avantages de la r\u00e9sidence en R\u00e9publique dominicaine\u00a0:<\/p>\n<ol>\n<li>\n<p>Une communaut\u00e9 d&#039;expatri\u00e9s florissante\u00a0: la R\u00e9publique dominicaine compte une communaut\u00e9 d&#039;expatri\u00e9s nombreuse et diversifi\u00e9e, ce qui facilite les contacts avec des personnes partageant les m\u00eames id\u00e9es du monde entier. Vous trouverez un \u00e9ventail d&#039;\u00e9v\u00e9nements sociaux, de clubs et d&#039;organisations destin\u00e9s aux expatri\u00e9s, vous assurant ainsi de vous sentir comme chez vous.<\/p>\n<\/li>\n<li>\n<p>Co\u00fbt de la vie abordable : L&#039;un des principaux avantages de la vie en R\u00e9publique dominicaine est le co\u00fbt de la vie relativement bas. Du logement \u00e0 la nourriture et au divertissement, vous constaterez que votre argent va plus loin dans ce paradis tropical.<\/p>\n<\/li>\n<li>\n<p>Acc\u00e8s \u00e0 des soins de sant\u00e9 de classe mondiale\u00a0: la R\u00e9publique dominicaine offre des services de sant\u00e9 de haute qualit\u00e9 \u00e0 une fraction du co\u00fbt par rapport \u00e0 de nombreux autres pays. Avec des installations modernes et des professionnels de la sant\u00e9 bien form\u00e9s, vous pouvez \u00eatre assur\u00e9 que vos besoins de sant\u00e9 seront bien pris en charge.<\/p>\n<\/li>\n<li>\n<p>Beau temps et beaut\u00e9 naturelle\u00a0: avec des temp\u00e9ratures chaudes toute l&#039;ann\u00e9e, des plages immacul\u00e9es et des paysages tropicaux luxuriants, la R\u00e9publique dominicaine est le r\u00eave des amateurs de plein air. Que vous aimiez les sports nautiques, la randonn\u00e9e ou simplement vous pr\u00e9lasser sur la plage, vous trouverez d&#039;innombrables occasions de profiter du grand air.<\/p>\n<\/li>\n<li>\n<p>Opportunit\u00e9s d&#039;affaires et d&#039;investissement : La R\u00e9publique dominicaine est un march\u00e9 \u00e9mergent avec une \u00e9conomie en croissance, ce qui en fait une destination attrayante pour les entrepreneurs et les investisseurs. Le gouvernement offre diverses incitations aux investisseurs \u00e9trangers, telles que des exon\u00e9rations fiscales et des proc\u00e9dures simplifi\u00e9es d&#039;enregistrement des entreprises.<\/p>\n<\/li>\n<li>\n<p>Facilit\u00e9 de voyage : En tant que r\u00e9sident de la R\u00e9publique dominicaine, vous b\u00e9n\u00e9ficierez d&#039;un acc\u00e8s facile aux \u00c9tats-Unis, au Canada, \u00e0 l&#039;Europe et \u00e0 d&#039;autres pays des Cara\u00efbes. Avec de nombreux vols directs disponibles, vous serez bien connect\u00e9 au reste du monde.<\/p>\n<\/li>\n<\/ol>\n<p>Comment Gratereaux Delva &amp; Associates peuvent vous aider :<\/p>\n<p>Chez Gratereaux Delva &amp; Associates, nous comprenons les complexit\u00e9s de l&#039;obtention de la r\u00e9sidence en R\u00e9publique dominicaine. Notre \u00e9quipe exp\u00e9riment\u00e9e de professionnels du droit est l\u00e0 pour vous guider tout au long du processus et assurer une transition en douceur vers votre nouvelle vie dans ce beau pays. Nos services incluent :<\/p>\n<ul>\n<li>Consultation et conseils sur les options de r\u00e9sidence<\/li>\n<li>Assistance pour les demandes de visa et les renouvellements<\/li>\n<li>Conseils sur les processus de citoyennet\u00e9 et de naturalisation<\/li>\n<li>Prise en charge des renonciations<\/li>\n<\/ul>\n<p>Conclusion:<\/p>\n<p>La R\u00e9publique dominicaine est un endroit incroyable o\u00f9 vivre, offrant de nombreux avantages \u00e0 ceux qui choisissent de s&#039;\u00e9tablir. Chez Gratereaux Delva &amp; Associates, nous nous engageons \u00e0 vous aider \u00e0 naviguer dans les processus juridiques et \u00e0 faire de votre r\u00eave de vivre dans ce paradis tropical une r\u00e9alit\u00e9. Contactez-nous d\u00e8s aujourd&#039;hui pour en savoir plus sur nos services et comment nous pouvons vous aider dans votre voyage vers la r\u00e9sidence en R\u00e9publique dominicaine.<\/p>\n\n\t\t<\/div>\n\t<\/div>\n\n\t<div class=\"wpb_text_column wpb_content_element\" >\n\t\t<div class=\"wpb_wrapper\">\n\t\t\t<div class=\"frm_forms  with_frm_style frm_style_formidable-style\" id=\"frm_form_2_container\" data-token=\"9ef8aed805ef813a59132f2c7c10b7c7\">\n<form enctype=\"multipart\/form-data\" method=\"post\" class=\"frm-show-form  frm_pro_form\" id=\"form_residencyrequest\" data-token=\"9ef8aed805ef813a59132f2c7c10b7c7\" action=\"\">\n<div class=\"frm_form_fields\">\n<fieldset>\n<legend class=\"frm_screen_reader\">Demande de r\u00e9sidence<\/legend>\n<div class=\"frm_fields_container\">\n<input type=\"hidden\" name=\"frm_action\" value=\"create\" \/><br \/>\n<input type=\"hidden\" name=\"form_id\" value=\"2\" \/><br \/>\n<input type=\"hidden\" name=\"frm_hide_fields_2\" id=\"frm_hide_fields_2\" value=\"\" \/><br \/>\n<input type=\"hidden\" name=\"form_key\" value=\"residencyrequest\" \/><br \/>\n<input type=\"hidden\" name=\"item_meta&#091;0&#093;\" value=\"\" \/><br \/>\n<input type=\"hidden\" id=\"frm_submit_entry_2\" name=\"frm_submit_entry_2\" value=\"daa58deb58\" \/><input type=\"hidden\" name=\"_wp_http_referer\" value=\"\/fr\/wp-json\/wp\/v2\/pages\/1759\" \/><\/p>\n<div id=\"frm_field_6_container\" class=\"frm_form_field form-field  frm_top_container\">\n    <label for=\"field_dzjbk\" id=\"field_dzjbk_label\" class=\"frm_primary_label\">Nom l\u00e9gal<br \/>\n        <span class=\"frm_required\" aria-hidden=\"true\"><\/span><br \/>\n    <\/label><br \/>\n    <input type=\"text\" id=\"field_dzjbk\" name=\"item_meta&#091;6&#093;\" value=\"\"  data-invmsg=\"Text is invalid\" aria-invalid=\"false\"   aria-describedby=\"frm_desc_field_dzjbk\"\/><\/p>\n<div class=\"frm_description\" id=\"frm_desc_field_dzjbk\"> Quel est exactement votre nom l\u00e9gal complet sur votre passeport\u00a0? Veuillez vous assurer qu&#039;il correspond exactement. <\/div>\n<\/div>\n<div id=\"frm_field_8_container\" class=\"frm_form_field form-field  frm_top_container\">\n    <label for=\"field_f1qjg\" id=\"field_f1qjg_label\" class=\"frm_primary_label\">Nationalit\u00e9<br \/>\n        <span class=\"frm_required\" aria-hidden=\"true\"><\/span><br \/>\n    <\/label><br \/>\n    \t\t<select name=\"item_meta&#091;8&#093;\" id=\"field_f1qjg\"  data-invmsg=\"Nationality est non valide\" aria-invalid=\"false\"  ><option  value=\"Afghanistan\">Afghanistan<\/option><option  value=\"Aland Islands\">Iles Aland<\/option><option  value=\"Albania\">Albanie<\/option><option  value=\"Algeria\">Alg\u00e9rie<\/option><option  value=\"American Samoa\">Samoa am\u00e9ricaines<\/option><option  value=\"Andorra\">Andorre<\/option><option  value=\"Angola\">Angola<\/option><option  value=\"Anguilla\">Anguilla<\/option><option  value=\"Antarctica\">Antarctique<\/option><option  value=\"Antigua and Barbuda\">Antigua-et-Barbuda<\/option><option  value=\"Argentina\">Argentine<\/option><option  value=\"Armenia\">Arm\u00e9nie<\/option><option  value=\"Aruba\">Aruba<\/option><option  value=\"Australia\">Australie<\/option><option  value=\"Austria\">L&#039;Autriche<\/option><option  value=\"Azerbaijan\">Azerba\u00efdjan<\/option><option  value=\"Bahamas\">Bahamas<\/option><option  value=\"Bahrain\">Bahre\u00efn<\/option><option  value=\"Bangladesh\">Bengladesh<\/option><option  value=\"Barbados\">Barbade<\/option><option  value=\"Belarus\">Bi\u00e9lorussie<\/option><option  value=\"Belgium\">Belgique<\/option><option  value=\"Belize\">B\u00e9lize<\/option><option  value=\"Benin\">B\u00e9nin<\/option><option  value=\"Bermuda\">Bermudes<\/option><option  value=\"Bhutan\">Bhoutan<\/option><option  value=\"Bolivia\">Bolivie<\/option><option  value=\"Bonaire, Sint Eustatius and Saba\">Bonaire, Saint Eustache et Saba<\/option><option  value=\"Bosnia and Herzegovina\">Bosnie Herz\u00e9govine<\/option><option  value=\"Botswana\">Bostwana<\/option><option  value=\"Bouvet Island\">\u00cele Bouvet<\/option><option  value=\"Brazil\">Br\u00e9sil<\/option><option  value=\"British Indian Ocean Territory\">Territoire britannique de l&#039;oc\u00e9an Indien<\/option><option  value=\"Brunei\">Brun\u00e9i<\/option><option  value=\"Bulgaria\">Bulgarie<\/option><option  value=\"Burkina Faso\">Burkina Faso<\/option><option  value=\"Burundi\">Burundi<\/option><option  value=\"C\u00f4te d&#039;Ivoire\">C\u00f4te d&#039;Ivoire<\/option><option  value=\"Cambodia\">Cambodge<\/option><option  value=\"Cameroon\">Cameroun<\/option><option  value=\"Canada\">Canada<\/option><option  value=\"Cape Verde\">Cap-Vert<\/option><option  value=\"Cayman Islands\">\u00celes Ca\u00efmans<\/option><option  value=\"Central African Republic\">R\u00e9publique centrafricaine<\/option><option  value=\"Chad\">Tchad<\/option><option  value=\"Chile\">Chili<\/option><option  value=\"China\">Chine<\/option><option  value=\"Christmas Island\">L&#039;\u00eele de no\u00ebl<\/option><option  value=\"Cocos (Keeling) Islands\">\u00celes Cocos (Keeling)<\/option><option  value=\"Colombia\">Colombie<\/option><option  value=\"Comoros\">Comores<\/option><option  value=\"Congo\">Congo<\/option><option  value=\"Cook Islands\">les \u00celes Cook<\/option><option  value=\"Costa Rica\">Costa Rica<\/option><option  value=\"Croatia\">Croatie<\/option><option  value=\"Cuba\">Cuba<\/option><option  value=\"Curacao\">Curacao<\/option><option  value=\"Cyprus\">Chypre<\/option><option  value=\"Czech Republic\">R\u00e9publique tch\u00e8que<\/option><option  value=\"Denmark\">Danemark<\/option><option  value=\"Djibouti\">Djibouti<\/option><option  value=\"Dominica\">Dominique<\/option><option  value=\"Dominican Republic\">R\u00e9publique dominicaine<\/option><option  value=\"East Timor\">Timor oriental<\/option><option  value=\"Ecuador\">Equateur<\/option><option  value=\"Egypt\">Egypte<\/option><option  value=\"El Salvador\">Le Salvador<\/option><option  value=\"Equatorial Guinea\">Guin\u00e9e \u00c9quatoriale<\/option><option  value=\"Eritrea\">\u00c9rythr\u00e9e<\/option><option  value=\"Estonia\">Estonie<\/option><option  value=\"Ethiopia\">Ethiopie<\/option><option  value=\"Falkland Islands (Malvinas)\">\u00celes Falkland (Malouines)<\/option><option  value=\"Faroe Islands\">\u00celes F\u00e9ro\u00e9<\/option><option  value=\"Fiji\">Fidji<\/option><option  value=\"Finland\">Finlande<\/option><option  value=\"France\">France<\/option><option  value=\"French Guiana\">Guyane Fran\u00e7aise<\/option><option  value=\"French Polynesia\">Polyn\u00e9sie fran\u00e7aise<\/option><option  value=\"French Southern Territories\">Terres australes fran\u00e7aises<\/option><option  value=\"Gabon\">Gabon<\/option><option  value=\"Gambia\">Gambie<\/option><option  value=\"Georgia\">G\u00e9orgie<\/option><option  value=\"Germany\">Allemagne<\/option><option  value=\"Ghana\">Ghana<\/option><option  value=\"Gibraltar\">Gibraltar<\/option><option  value=\"Greece\">Gr\u00e8ce<\/option><option  value=\"Greenland\">Groenland<\/option><option  value=\"Grenada\">Grenade<\/option><option  value=\"Guadeloupe\">Guadeloupe<\/option><option  value=\"Guam\">Guam<\/option><option  value=\"Guatemala\">Guatemala<\/option><option  value=\"Guernsey\">Guernesey<\/option><option  value=\"Guinea\">Guin\u00e9e<\/option><option  value=\"Guinea-Bissau\">Guin\u00e9e-Bissau<\/option><option  value=\"Guyana\">Guyane<\/option><option  value=\"Haiti\">Ha\u00efti<\/option><option  value=\"Heard Island and McDonald Islands\">Iles Heard et McDonald<\/option><option  value=\"Holy See\">Saint-Si\u00e8ge<\/option><option  value=\"Honduras\">Honduras<\/option><option  value=\"Hong Kong\">Hong Kong<\/option><option  value=\"Hungary\">Hongrie<\/option><option  value=\"Iceland\">Islande<\/option><option  value=\"India\">Inde<\/option><option  value=\"Indonesia\">Indon\u00e9sie<\/option><option  value=\"Iran\">L&#039;Iran<\/option><option  value=\"Iraq\">Irak<\/option><option  value=\"Ireland\">Irlande<\/option><option  value=\"Isle of Man\">\u00eele de Man<\/option><option  value=\"Israel\">Isra\u00ebl<\/option><option  value=\"Italy\">Italie<\/option><option  value=\"Jamaica\">Jama\u00efque<\/option><option  value=\"Japan\">Japon<\/option><option  value=\"Jersey\">Jersey<\/option><option  value=\"Jordan\">Jordan<\/option><option  value=\"Kazakhstan\">Kazakhstan<\/option><option  value=\"Kenya\">Kenya<\/option><option  value=\"Kiribati\">Kiribati<\/option><option  value=\"Kosovo\">Kosovo<\/option><option  value=\"Kuwait\">Koweit<\/option><option  value=\"Kyrgyzstan\">Kirghizistan<\/option><option  value=\"Laos\">Laos<\/option><option  value=\"Latvia\">Lettonie<\/option><option  value=\"Lebanon\">Liban<\/option><option  value=\"Lesotho\">Lesotho<\/option><option  value=\"Liberia\">Lib\u00e9ria<\/option><option  value=\"Libya\">Libye<\/option><option  value=\"Liechtenstein\">Liechtenstein<\/option><option  value=\"Lithuania\">Lituanie<\/option><option  value=\"Luxembourg\">Luxembourg<\/option><option  value=\"Macao\">Macao<\/option><option  value=\"Macedonia\">Mac\u00e9doine<\/option><option  value=\"Madagascar\">Madagascar<\/option><option  value=\"Malawi\">Malawi<\/option><option  value=\"Malaysia\">Malaisie<\/option><option  value=\"Maldives\">Maldives<\/option><option  value=\"Mali\">Mali<\/option><option  value=\"Malta\">Malte<\/option><option  value=\"Marshall Islands\">Iles Marshall<\/option><option  value=\"Martinique\">Martinique<\/option><option  value=\"Mauritania\">Mauritanie<\/option><option  value=\"Mauritius\">Maurice<\/option><option  value=\"Mayotte\">Mayotte<\/option><option  value=\"Mexico\">Mexique<\/option><option  value=\"Micronesia\">Micron\u00e9sie<\/option><option  value=\"Moldova\">Moldavie<\/option><option  value=\"Monaco\">Monaco<\/option><option  value=\"Mongolia\">Mongolie<\/option><option  value=\"Montenegro\">Mont\u00e9n\u00e9gro<\/option><option  value=\"Montserrat\">Montserrat<\/option><option  value=\"Morocco\">Maroc<\/option><option  value=\"Mozambique\">Mozambique<\/option><option  value=\"Myanmar\">Birmanie<\/option><option  value=\"Namibia\">Namibie<\/option><option  value=\"Nauru\">Nauru<\/option><option  value=\"Nepal\">N\u00e9pal<\/option><option  value=\"Netherlands\">Pays-Bas<\/option><option  value=\"New Caledonia\">Nouvelle Cal\u00e9donie<\/option><option  value=\"New Zealand\">Nouvelle-Z\u00e9lande<\/option><option  value=\"Nicaragua\">Nicaragua<\/option><option  value=\"Niger\">Niger<\/option><option  value=\"Nigeria\">Nigeria<\/option><option  value=\"Niue\">Niu\u00e9<\/option><option  value=\"Norfolk Island\">l&#039;ile de Norfolk<\/option><option  value=\"North Korea\">Cor\u00e9e du Nord<\/option><option  value=\"Northern Mariana Islands\">\u00celes Mariannes du Nord<\/option><option  value=\"Norway\">Norv\u00e8ge<\/option><option  value=\"Oman\">Oman<\/option><option  value=\"Pakistan\">Pakistan<\/option><option  value=\"Palau\">Palaos<\/option><option  value=\"Palestine\">Palestine<\/option><option  value=\"Panama\">Panama<\/option><option  value=\"Papua New Guinea\">Papouasie Nouvelle Guin\u00e9e<\/option><option  value=\"Paraguay\">Paraguay<\/option><option  value=\"Peru\">P\u00e9rou<\/option><option  value=\"Philippines\">Philippines<\/option><option  value=\"Pitcairn\">Pitcairn<\/option><option  value=\"Poland\">Pologne<\/option><option  value=\"Portugal\">le Portugal<\/option><option  value=\"Puerto Rico\">Porto Rico<\/option><option  value=\"Qatar\">Qatar<\/option><option  value=\"Reunion\">R\u00e9union<\/option><option  value=\"Romania\">Roumanie<\/option><option  value=\"Russia\">Russie<\/option><option  value=\"Rwanda\">Rwanda<\/option><option  value=\"Saint Barthelemy\">Saint Barth\u00e9lemy<\/option><option  value=\"Saint Helena, Ascension and Tristan da Cunha\">Sainte-H\u00e9l\u00e8ne, Ascension et Tristan da Cunha<\/option><option  value=\"Saint Kitts and Nevis\">Saint-Christophe-et-Ni\u00e9v\u00e8s<\/option><option  value=\"Saint Lucia\">Sainte-Lucie<\/option><option  value=\"Saint Martin (French part)\">Saint Martin (partie fran\u00e7aise)<\/option><option  value=\"Saint Pierre and Miquelon\">Saint-Pierre-et-Miquelon<\/option><option  value=\"Saint Vincent and the Grenadines\">Saint-Vincent-et-les-Grenadines<\/option><option  value=\"Samoa\">Samoa<\/option><option  value=\"San Marino\">Saint Marin<\/option><option  value=\"Sao Tome and Principe\">Sao Tom\u00e9 et Principe<\/option><option  value=\"Saudi Arabia\">Arabie Saoudite<\/option><option  value=\"Senegal\">S\u00e9n\u00e9gal<\/option><option  value=\"Serbia\">Serbie<\/option><option  value=\"Seychelles\">les Seychelles<\/option><option  value=\"Sierra Leone\">Sierra Leone<\/option><option  value=\"Singapore\">Singapour<\/option><option  value=\"Sint Maarten (Dutch part)\">Sint Maarten (partie n\u00e9erlandaise)<\/option><option  value=\"Slovakia\">Slovaquie<\/option><option  value=\"Slovenia\">Slov\u00e9nie<\/option><option  value=\"Solomon Islands\">Les \u00eeles Salomon<\/option><option  value=\"Somalia\">Somalie<\/option><option  value=\"South Africa\">Afrique du Sud<\/option><option  value=\"South Georgia and the South Sandwich Islands\">G\u00e9orgie du Sud et \u00eeles Sandwich du Sud<\/option><option  value=\"South Korea\">Cor\u00e9e du Sud<\/option><option  value=\"South Sudan\">Soudan du sud<\/option><option  value=\"Spain\">Espagne<\/option><option  value=\"Sri Lanka\">Sri Lanka<\/option><option  value=\"Sudan\">Soudan<\/option><option  value=\"Suriname\">Suriname<\/option><option  value=\"Svalbard and Jan Mayen\">Svalbard et Jan Mayen<\/option><option  value=\"Swaziland\">Swaziland<\/option><option  value=\"Sweden\">Su\u00e8de<\/option><option  value=\"Switzerland\">Suisse<\/option><option  value=\"Syria\">Syrie<\/option><option  value=\"Taiwan\">Ta\u00efwan<\/option><option  value=\"Tajikistan\">Tadjikistan<\/option><option  value=\"Tanzania\">Tanzanie<\/option><option  value=\"Thailand\">Tha\u00eflande<\/option><option  value=\"Timor-Leste\">Timor oriental<\/option><option  value=\"Togo\">Aller<\/option><option  value=\"Tokelau\">Tok\u00e9laou<\/option><option  value=\"Tonga\">Tonga<\/option><option  value=\"Trinidad and Tobago\">Trinit\u00e9-et-Tobago<\/option><option  value=\"Tunisia\">Tunisie<\/option><option  value=\"Turkey\">Turquie<\/option><option  value=\"Turkmenistan\">Turkm\u00e9nistan<\/option><option  value=\"Turks and Caicos Islands\">\u00eeles Turques-et-Ca\u00efques<\/option><option  value=\"Tuvalu\">Tuvalu<\/option><option  value=\"Uganda\">Ouganda<\/option><option  value=\"Ukraine\">Ukraine<\/option><option  value=\"United Arab Emirates\">Emirats Arabes Unis<\/option><option  value=\"United Kingdom\">Royaume-Uni<\/option><option  value=\"United States\">\u00c9tats-Unis<\/option><option  value=\"United States Minor Outlying Islands\">\u00celes mineures \u00e9loign\u00e9es des \u00c9tats-Unis<\/option><option  value=\"Uruguay\">Uruguay<\/option><option  value=\"Uzbekistan\">Ouzb\u00e9kistan<\/option><option  value=\"Vanuatu\">Vanuatu<\/option><option  value=\"Vatican City\">Cit\u00e9 du Vatican<\/option><option  value=\"Venezuela\">Venezuela<\/option><option  value=\"Vietnam\">Vi\u00eat Nam<\/option><option  value=\"Virgin Islands, British\">\u00celes Vierges britanniques<\/option><option  value=\"Virgin Islands, U.S.\">\u00celes Vierges, \u00c9tats-Unis<\/option><option  value=\"Wallis and Futuna\">Wallis et Futuna<\/option><option  value=\"Western Sahara\">Sahara occidental<\/option><option  value=\"Yemen\">Y\u00e9men<\/option><option  value=\"Zambia\">Zambie<\/option><option  value=\"Zimbabwe\">Zimbabwe<\/option><\/select><\/p>\n<div class=\"frm_description\" id=\"frm_desc_field_f1qjg\"> Quel est le pays sur votre passeport\u00a0? Si vous en avez plusieurs, utilisez le principal. <\/div>\n<\/div>\n<div id=\"frm_field_11_container\" class=\"frm_form_field form-field  frm_top_container\">\n    <label for=\"field_g32uo\" id=\"field_g32uo_label\" class=\"frm_primary_label\">Date<br \/>\n        <span class=\"frm_required\" aria-hidden=\"true\"><\/span><br \/>\n    <\/label><br \/>\n    <input type=\"text\" id=\"field_g32uo\" name=\"item_meta&#091;11&#093;\" value=\"\"  maxlength=\"10\" data-invmsg=\"Date is invalid\" class=\"frm_date\" aria-invalid=\"false\"   aria-describedby=\"frm_desc_field_g32uo\"\/><\/p>\n<div class=\"frm_description\" id=\"frm_desc_field_g32uo\"> Veuillez l&#039;\u00e9crire en AAAA-MM-JJ (ann\u00e9e-mois-jour) <\/div>\n<\/div>\n<div id=\"frm_field_12_container\" class=\"frm_form_field form-field  frm_top_container\">\n    <label for=\"field_zqkdj\" id=\"field_zqkdj_label\" class=\"frm_primary_label\">Genre<br \/>\n        <span class=\"frm_required\" aria-hidden=\"true\"><\/span><br \/>\n    <\/label><br \/>\n    \t\t<select name=\"item_meta&#091;12&#093;\" id=\"field_zqkdj\"  data-frmval=\"Male\" data-invmsg=\"Gender est non valide\" aria-invalid=\"false\"  ><option  value=\"Male\" selected='selected'>Homme<\/option><option  value=\"Female\">Femme<\/option><option  value=\"Other\">Autre<\/option><\/select><\/p>\n<div class=\"frm_description\" id=\"frm_desc_field_zqkdj\"> Quel est votre sexe l\u00e9gal sur votre passeport\u00a0? <\/div>\n<\/div>\n<div id=\"frm_field_9_container\" class=\"frm_form_field form-field  frm_top_container\">\n    <label for=\"field_6w44g\" id=\"field_6w44g_label\" class=\"frm_primary_label\">E-mail<br \/>\n        <span class=\"frm_required\" aria-hidden=\"true\"><\/span><br \/>\n    <\/label><br \/>\n    <input type=\"email\" id=\"field_6w44g\" name=\"item_meta&#091;9&#093;\" value=\"\"  data-invmsg=\"Email is invalid\" aria-invalid=\"false\"   aria-describedby=\"frm_desc_field_6w44g\"\/><\/p>\n<div class=\"frm_description\" id=\"frm_desc_field_6w44g\">Veuillez utiliser une adresse e-mail sur laquelle nous pouvons vous contacter facilement. N&#039;utilisez pas d&#039;e-mails de domaine personnel, ils ont une tr\u00e8s mauvaise d\u00e9livrabilit\u00e9 et nous devons vous contacter facilement. Utilisez Gmail de pr\u00e9f\u00e9rence.<\/div>\n<\/div>\n<div id=\"frm_field_10_container\" class=\"frm_form_field form-field  frm_top_container\">\n    <label for=\"field_75tsq\" id=\"field_75tsq_label\" class=\"frm_primary_label\">T\u00e9l\u00e9phone<br \/>\n        <span class=\"frm_required\" aria-hidden=\"true\"><\/span><br \/>\n    <\/label><br \/>\n    <input type=\"tel\" id=\"field_75tsq\" name=\"item_meta&#091;10&#093;\" value=\"\"  data-invmsg=\"Phone is invalid\" aria-invalid=\"false\" pattern=\"((\\+\\d{1,3}(-|.| )?\\(?\\d\\)?(-| |.)?\\d{1,5})|(\\(?\\d{2,6}\\)?))(-|.| )?(\\d{3,4})(-|.| )?(\\d{4})(( x| ext)\\d{1,5}){0,1}$\"   aria-describedby=\"frm_desc_field_75tsq\"\/><\/p>\n<div class=\"frm_description\" id=\"frm_desc_field_75tsq\"> Veuillez utiliser un num\u00e9ro de t\u00e9l\u00e9phone sur lequel nous pouvons vous contacter facilement pour les situations urgentes et utiliser le format international comme +3312312323<\/div>\n<\/div>\n<div id=\"frm_field_13_container\" class=\"frm_form_field form-field\">\n<div class=\"frm_submit\">\n<p><button class=\"frm_button_submit frm_final_submit\" type=\"submit\"  >Soumettre<\/button><\/p>\n<\/div>\n<\/div>\n<p>\t<input type=\"hidden\" name=\"item_key\" value=\"\" \/><\/p>\n<div id=\"frm_field_14_container\">\n\t\t\t<label for=\"field_kirwt\" ><br \/>\n\t\t\t\tSi vous \u00eates un humain, ne remplissez pas ce champ.\t\t\t<\/label><br \/>\n\t\t\t<input  id=\"field_kirwt\" type=\"text\" class=\"frm_form_field form-field frm_verify\" name=\"item_meta&#091;14&#093;\" value=\"\"  \/>\n\t\t<\/div>\n<p>\t\t<input name=\"frm_state\" type=\"hidden\" value=\"Usvv12da3HASI8ZkDrk7Na5uIsPhB1p8IiU8LKlRMM+cx1YIpnab51ytsGw2lj4z\" \/><\/div>\n<\/fieldset>\n<\/div>\n<input type=\"hidden\" name=\"trp-form-language\" value=\"fr\"\/><\/form>\n<\/div>\n\n\t\t<\/div>\n\t<\/div>\n<\/div><\/div><\/div><\/div>\n<\/div>","protected":false},"excerpt":{"rendered":"<p>Welcome to the beautiful and enchanting Dominican Republic! This Caribbean paradise is not only a popular tourist destination but also an ideal place for those looking to establish residency. With its stunning natural beauty, rich history, and warm, friendly people, the Dominican Republic offers numerous benefits for those who choose to call it home. In&hellip;<\/p>","protected":false},"author":1,"featured_media":0,"parent":0,"menu_order":0,"comment_status":"closed","ping_status":"closed","template":"","meta":{"footnotes":""},"class_list":["post-1759","page","type-page","status-publish","hentry","description-off"],"aioseo_notices":[],"_links":{"self":[{"href":"https:\/\/gratereauxdelva.com\/fr\/wp-json\/wp\/v2\/pages\/1759","targetHints":{"allow":["GET"]}}],"collection":[{"href":"https:\/\/gratereauxdelva.com\/fr\/wp-json\/wp\/v2\/pages"}],"about":[{"href":"https:\/\/gratereauxdelva.com\/fr\/wp-json\/wp\/v2\/types\/page"}],"author":[{"embeddable":true,"href":"https:\/\/gratereauxdelva.com\/fr\/wp-json\/wp\/v2\/users\/1"}],"replies":[{"embeddable":true,"href":"https:\/\/gratereauxdelva.com\/fr\/wp-json\/wp\/v2\/comments?post=1759"}],"version-history":[{"count":3,"href":"https:\/\/gratereauxdelva.com\/fr\/wp-json\/wp\/v2\/pages\/1759\/revisions"}],"predecessor-version":[{"id":1762,"href":"https:\/\/gratereauxdelva.com\/fr\/wp-json\/wp\/v2\/pages\/1759\/revisions\/1762"}],"wp:attachment":[{"href":"https:\/\/gratereauxdelva.com\/fr\/wp-json\/wp\/v2\/media?parent=1759"}],"curies":[{"name":"wp","href":"https:\/\/api.w.org\/{rel}","templated":true}]}}