{"id":1620,"date":"2022-02-17T15:02:40","date_gmt":"2022-02-17T15:02:40","guid":{"rendered":"http:\/\/gratereauxdelva.com\/?page_id=1620"},"modified":"2022-03-18T07:42:11","modified_gmt":"2022-03-18T07:42:11","slug":"fiscal-and-tax-law","status":"publish","type":"page","link":"https:\/\/gratereauxdelva.com\/fr\/droit-fiscal-et-fiscal\/","title":{"rendered":"Droit fiscal et fiscal"},"content":{"rendered":"<p>Notre exp\u00e9rience et notre connaissance de la l\u00e9gislation fiscale dominicaine nous permettent de conseiller nos clients dans la constitution de leur soci\u00e9t\u00e9 ou transaction, afin qu&#039;ils puissent obtenir des r\u00e9sultats avantageux et acqu\u00e9rir une connaissance des imp\u00f4ts en R\u00e9publique dominicaine.<\/p>\n\n\n\n<p>Nous offrons nos services dans la repr\u00e9sentation de personnes physiques et morales dans des litiges li\u00e9s aux imp\u00f4ts, enqu\u00eates, amendes, audits effectu\u00e9s par des agences gouvernementales ou des autorit\u00e9s municipales.<\/p>\n\n\n\n<p>Nous repr\u00e9sentons le client devant les juridictions contentieuses fiscales, sur les recours contre les d\u00e9cisions de l&#039;administration fiscale.<\/p>","protected":false},"excerpt":{"rendered":"<p>Notre exp\u00e9rience et notre connaissance du droit fiscal dominicain nous permettent de conseiller nos clients dans la cr\u00e9ation de leur entreprise ou de leur transaction, afin qu&#039;ils puissent obtenir des r\u00e9sultats avantageux et acqu\u00e9rir des connaissances sur les imp\u00f4ts en R\u00e9publique Dominicaine. Nous proposons nos services dans la repr\u00e9sentation de personnes physiques et morales dans les litiges\u2026<\/p>","protected":false},"author":1,"featured_media":0,"parent":0,"menu_order":0,"comment_status":"closed","ping_status":"closed","template":"","meta":{"footnotes":""},"class_list":["post-1620","page","type-page","status-publish","hentry","description-off"],"aioseo_notices":[],"_links":{"self":[{"href":"https:\/\/gratereauxdelva.com\/fr\/wp-json\/wp\/v2\/pages\/1620","targetHints":{"allow":["GET"]}}],"collection":[{"href":"https:\/\/gratereauxdelva.com\/fr\/wp-json\/wp\/v2\/pages"}],"about":[{"href":"https:\/\/gratereauxdelva.com\/fr\/wp-json\/wp\/v2\/types\/page"}],"author":[{"embeddable":true,"href":"https:\/\/gratereauxdelva.com\/fr\/wp-json\/wp\/v2\/users\/1"}],"replies":[{"embeddable":true,"href":"https:\/\/gratereauxdelva.com\/fr\/wp-json\/wp\/v2\/comments?post=1620"}],"version-history":[{"count":2,"href":"https:\/\/gratereauxdelva.com\/fr\/wp-json\/wp\/v2\/pages\/1620\/revisions"}],"predecessor-version":[{"id":1677,"href":"https:\/\/gratereauxdelva.com\/fr\/wp-json\/wp\/v2\/pages\/1620\/revisions\/1677"}],"wp:attachment":[{"href":"https:\/\/gratereauxdelva.com\/fr\/wp-json\/wp\/v2\/media?parent=1620"}],"curies":[{"name":"wp","href":"https:\/\/api.w.org\/{rel}","templated":true}]}}