{"id":1618,"date":"2022-02-17T15:01:47","date_gmt":"2022-02-17T15:01:47","guid":{"rendered":"http:\/\/gratereauxdelva.com\/?page_id=1618"},"modified":"2022-03-18T07:41:22","modified_gmt":"2022-03-18T07:41:22","slug":"immigration-law","status":"publish","type":"page","link":"https:\/\/gratereauxdelva.com\/fr\/la-loi-sur-limmigration\/","title":{"rendered":"La loi sur l&#039;immigration"},"content":{"rendered":"<p>Gratereaux Delva &amp; Assoc. g\u00e8re de nombreuses r\u00e9sidences et nationalit\u00e9s dominicaines pour les \u00e9trangers, nous conseillons le client avant son arriv\u00e9e au pays, jusqu&#039;\u00e0 son installation sur le sol dominicain et nous nous sp\u00e9cialisons dans les proc\u00e9dures suivantes :<\/p>\n\n\n\n<p>1. Demande d&#039;obtention et de renouvellement des r\u00e9sidences ordinaires et d&#039;investissement<\/p>\n\n\n\n<p>2. Obtention de la nationalit\u00e9 dominicaine<\/p>\n\n\n\n<p>3. Permis de sortie pour les mineurs<\/p>","protected":false},"excerpt":{"rendered":"<p>Gratereaux Delva &amp; Assoc. g\u00e8re de nombreuses r\u00e9sidences et nationalit\u00e9s dominicaines pour \u00e9trangers, nous conseillons le client avant son arriv\u00e9e dans le pays, jusqu&#039;\u00e0 son installation sur le sol dominicain et nous sp\u00e9cialisons dans les d\u00e9marches suivantes : 1. Demande d&#039;obtention et de renouvellement de r\u00e9sidences ordinaires et d&#039;investissement 2. Obtention de r\u00e9sidences dominicaines nationalit\u00e9 3. Autorisation de sortie pour mineurs<\/p>","protected":false},"author":1,"featured_media":0,"parent":0,"menu_order":0,"comment_status":"closed","ping_status":"closed","template":"","meta":{"footnotes":""},"class_list":["post-1618","page","type-page","status-publish","hentry","description-off"],"aioseo_notices":[],"_links":{"self":[{"href":"https:\/\/gratereauxdelva.com\/fr\/wp-json\/wp\/v2\/pages\/1618","targetHints":{"allow":["GET"]}}],"collection":[{"href":"https:\/\/gratereauxdelva.com\/fr\/wp-json\/wp\/v2\/pages"}],"about":[{"href":"https:\/\/gratereauxdelva.com\/fr\/wp-json\/wp\/v2\/types\/page"}],"author":[{"embeddable":true,"href":"https:\/\/gratereauxdelva.com\/fr\/wp-json\/wp\/v2\/users\/1"}],"replies":[{"embeddable":true,"href":"https:\/\/gratereauxdelva.com\/fr\/wp-json\/wp\/v2\/comments?post=1618"}],"version-history":[{"count":2,"href":"https:\/\/gratereauxdelva.com\/fr\/wp-json\/wp\/v2\/pages\/1618\/revisions"}],"predecessor-version":[{"id":1676,"href":"https:\/\/gratereauxdelva.com\/fr\/wp-json\/wp\/v2\/pages\/1618\/revisions\/1676"}],"wp:attachment":[{"href":"https:\/\/gratereauxdelva.com\/fr\/wp-json\/wp\/v2\/media?parent=1618"}],"curies":[{"name":"wp","href":"https:\/\/api.w.org\/{rel}","templated":true}]}}