{"id":1616,"date":"2022-02-17T14:33:39","date_gmt":"2022-02-17T14:33:39","guid":{"rendered":"http:\/\/gratereauxdelva.com\/?page_id=1616"},"modified":"2022-03-18T07:40:42","modified_gmt":"2022-03-18T07:40:42","slug":"administrative-law","status":"publish","type":"page","link":"https:\/\/gratereauxdelva.com\/fr\/loi-administrative\/","title":{"rendered":"Loi administrative"},"content":{"rendered":"<p>Les relations juridiques de droit public se multiplient, compte tenu de l&#039;intervention fr\u00e9quente de l&#039;\u00c9tat dans l&#039;activit\u00e9 \u00e9conomique. Gratereaux Delva &amp; Assoc. travaille avec un groupe de professionnels sp\u00e9cialis\u00e9s dans ce domaine. Tant dans les contrats administratifs, que dans le domaine des recours contentieux. Nos professionnels d\u00e9veloppent leur pratique au quotidien.<\/p>\n\n\n\n<ul class=\"wp-block-list\"><li>N\u00e9gociations et contrats avec l&#039;administration publique nationale, provinciale et municipale<\/li><li>Ressources administratives<\/li><li>Poursuites et recours contentieux<\/li><li>March\u00e9s publics<\/li><\/ul>\n\n\n\n<p><\/p>","protected":false},"excerpt":{"rendered":"<p>Les relations juridiques de droit public se multiplient, compte tenu de l&#039;intervention fr\u00e9quente de l&#039;\u00c9tat dans l&#039;activit\u00e9 \u00e9conomique. Gratereaux Delva &amp; Assoc. travaille avec un groupe de professionnels sp\u00e9cialis\u00e9s dans ce domaine. Tant dans les contrats administratifs que dans le domaine des recours contentieux. Nos professionnels d\u00e9veloppent leur pratique au quotidien. N\u00e9gociations et contrats avec les\u2026<\/p>","protected":false},"author":1,"featured_media":0,"parent":0,"menu_order":0,"comment_status":"closed","ping_status":"closed","template":"","meta":{"footnotes":""},"class_list":["post-1616","page","type-page","status-publish","hentry","description-off"],"aioseo_notices":[],"_links":{"self":[{"href":"https:\/\/gratereauxdelva.com\/fr\/wp-json\/wp\/v2\/pages\/1616","targetHints":{"allow":["GET"]}}],"collection":[{"href":"https:\/\/gratereauxdelva.com\/fr\/wp-json\/wp\/v2\/pages"}],"about":[{"href":"https:\/\/gratereauxdelva.com\/fr\/wp-json\/wp\/v2\/types\/page"}],"author":[{"embeddable":true,"href":"https:\/\/gratereauxdelva.com\/fr\/wp-json\/wp\/v2\/users\/1"}],"replies":[{"embeddable":true,"href":"https:\/\/gratereauxdelva.com\/fr\/wp-json\/wp\/v2\/comments?post=1616"}],"version-history":[{"count":3,"href":"https:\/\/gratereauxdelva.com\/fr\/wp-json\/wp\/v2\/pages\/1616\/revisions"}],"predecessor-version":[{"id":1675,"href":"https:\/\/gratereauxdelva.com\/fr\/wp-json\/wp\/v2\/pages\/1616\/revisions\/1675"}],"wp:attachment":[{"href":"https:\/\/gratereauxdelva.com\/fr\/wp-json\/wp\/v2\/media?parent=1616"}],"curies":[{"name":"wp","href":"https:\/\/api.w.org\/{rel}","templated":true}]}}