{"id":1614,"date":"2022-02-17T14:30:44","date_gmt":"2022-02-17T14:30:44","guid":{"rendered":"http:\/\/gratereauxdelva.com\/?page_id=1614"},"modified":"2022-03-18T07:35:05","modified_gmt":"2022-03-18T07:35:05","slug":"family-rights","status":"publish","type":"page","link":"https:\/\/gratereauxdelva.com\/fr\/droits-de-la-famille\/","title":{"rendered":"Droits de la famille"},"content":{"rendered":"<p>Gratereaux Delva &amp; Assoc. a d\u00e9velopp\u00e9 un d\u00e9partement sp\u00e9cialis\u00e9 en droit de la famille, d\u00e9di\u00e9 au service des clients confront\u00e9s \u00e0 un conflit de cette nature.<\/p>\n\n\n\n<ol class=\"wp-block-list\"><li>Accords pr\u00e9nuptial et conseils pr\u00e9nuptial.<\/li><li>Conseils sur les conflits conjugaux et les droits et devoirs des \u00e9poux.<\/li><li>S\u00e9paration de fait : accords alimentaires et suspension de la cohabitation. Retrait unilat\u00e9ral. Cons\u00e9quences personnelles et patrimoniales.<\/li><li>Mesures de pr\u00e9caution, li\u00e9es \u00e0 la famille et au patrimoine.<\/li><li>Protection du logement : attribution du logement, exclusion ou r\u00e9int\u00e9gration. Compensation \u00e9conomique.<\/li><li>Alimentaire : accords, r\u00e9clamation alimentaire entre conjoints, pour les enfants et entre proches. Quota provisoire : ex\u00e9cution, modification, augmentation, r\u00e9duction.<\/li><li>Garde d&#039;enfants mineurs\/soins personnels. Les accords. Action.<\/li><li>R\u00e9gime de visite, convenu ou \u00e9tabli par le tribunal. Besoins et int\u00e9r\u00eats du mineur. Stabilit\u00e9 et modification. Droit de visite des proches.<\/li><li>Protection contre la violence familiale. Mesures de s\u00e9curit\u00e9. Interdiction d&#039;acc\u00e8s. P\u00e9rim\u00e8tre d&#039;exclusion.<\/li><li>Mesures visant \u00e0 individualiser les biens matrimoniaux et les assurances. Restrictions \u00e0 l&#039;administration et \u00e0 la disposition des actifs. Mesures sur les soci\u00e9t\u00e9s commerciales.<\/li><li>Simulation et fraude entre \u00e9poux.<\/li><li>Unions de fait\/unions de convivialit\u00e9\/concubinage.<\/li><li>Affiliation : constatation, reconnaissance, d\u00e9marches pour revendiquer une affiliation extraconjugale. Recours en contestation et nullit\u00e9 de reconnaissance. Revendication de statut d&#039;enfant matrimonial. Contestation et d\u00e9ni de paternit\u00e9 matrimoniale. D\u00e9fi de la maternit\u00e9.<\/li><li>Adoption : compl\u00e8te et simple. Garder. Conditions. Proc\u00e9dure.<\/li><li>Responsabilit\u00e9 parentale\/Autorit\u00e9 paternelle : droits et devoirs sur les personnes et les biens des enfants mineurs. Autorisation de quitter le territoire et d&#039;\u00eatre jug\u00e9.<\/li><\/ol>","protected":false},"excerpt":{"rendered":"<p>Gratereaux Delva &amp; Assoc. a d\u00e9velopp\u00e9 un d\u00e9partement sp\u00e9cialis\u00e9 en droit de la famille, d\u00e9di\u00e9 au service des clients confront\u00e9s \u00e0 un conflit de cette nature. Accords pr\u00e9nuptiaux et conseils pr\u00e9nuptiaux. Conseils sur les conflits conjugaux et les droits et devoirs des \u00e9poux. S\u00e9paration de fait : accords alimentaires et suspension de la cohabitation. Retrait unilat\u00e9ral. Cons\u00e9quences personnelles et mat\u00e9rielles. Mesures de pr\u00e9caution, li\u00e9es\u2026<\/p>","protected":false},"author":1,"featured_media":0,"parent":0,"menu_order":0,"comment_status":"closed","ping_status":"closed","template":"","meta":{"footnotes":""},"class_list":["post-1614","page","type-page","status-publish","hentry","description-off"],"aioseo_notices":[],"_links":{"self":[{"href":"https:\/\/gratereauxdelva.com\/fr\/wp-json\/wp\/v2\/pages\/1614","targetHints":{"allow":["GET"]}}],"collection":[{"href":"https:\/\/gratereauxdelva.com\/fr\/wp-json\/wp\/v2\/pages"}],"about":[{"href":"https:\/\/gratereauxdelva.com\/fr\/wp-json\/wp\/v2\/types\/page"}],"author":[{"embeddable":true,"href":"https:\/\/gratereauxdelva.com\/fr\/wp-json\/wp\/v2\/users\/1"}],"replies":[{"embeddable":true,"href":"https:\/\/gratereauxdelva.com\/fr\/wp-json\/wp\/v2\/comments?post=1614"}],"version-history":[{"count":5,"href":"https:\/\/gratereauxdelva.com\/fr\/wp-json\/wp\/v2\/pages\/1614\/revisions"}],"predecessor-version":[{"id":1673,"href":"https:\/\/gratereauxdelva.com\/fr\/wp-json\/wp\/v2\/pages\/1614\/revisions\/1673"}],"wp:attachment":[{"href":"https:\/\/gratereauxdelva.com\/fr\/wp-json\/wp\/v2\/media?parent=1614"}],"curies":[{"name":"wp","href":"https:\/\/api.w.org\/{rel}","templated":true}]}}