{"id":1610,"date":"2022-02-17T14:22:58","date_gmt":"2022-02-17T14:22:58","guid":{"rendered":"http:\/\/gratereauxdelva.com\/?page_id=1610"},"modified":"2026-04-06T16:50:28","modified_gmt":"2026-04-06T16:50:28","slug":"civil-law","status":"publish","type":"page","link":"https:\/\/gratereauxdelva.com\/fr\/droit-civil\/","title":{"rendered":"Droit civil"},"content":{"rendered":"<div class=\"wpb-content-wrapper\"><div class=\"vc_row wpb_row vc_row-fluid\"><div class=\"wpb_column vc_column_container vc_col-sm-12\"><div class=\"vc_column-inner\"><div class=\"wpb_wrapper\">\n\t<div class=\"wpb_text_column wpb_content_element\" >\n\t\t<div class=\"wpb_wrapper\">\n\t\t\t<p>Chez Gratereaux Delva &amp; Assoc. nous garantissons \u00e0 nos clients les meilleurs r\u00e9sultats, quel que soit le probl\u00e8me familial ou civil qu&#039;ils traversent. Il est important de souligner qu&#039;un avocat civil est sp\u00e9cialis\u00e9 en mati\u00e8re d&#039;h\u00e9ritage et de succession, de contrats, de droit de la famille, de divorce, de s\u00e9paration de biens, d&#039;hypoth\u00e8ques judiciaires et conventionnelles. De plus, nous aidons \u00e0 la m\u00e9diation des diff\u00e9rends entre les individus et les organisations.<\/p>\n\n\t\t<\/div>\n\t<\/div>\n<\/div><\/div><\/div><\/div>\n<\/div>","protected":false},"excerpt":{"rendered":"<p>Chez Gratereaux Delva &amp; Assoc. nous garantissons \u00e0 nos clients les meilleurs r\u00e9sultats, quel que soit le probl\u00e8me familial ou civil qu&#039;ils traversent. Il est important de souligner qu\u2019un avocat civil est sp\u00e9cialis\u00e9 en mati\u00e8re d\u2019h\u00e9ritage et de succession, de contrats, de droit de la famille, de divorce, de s\u00e9paration de biens, d\u2019hypoth\u00e8ques judiciaires et conventionnelles. De plus, nous aidons \u00e0 arbitrer les diff\u00e9rends\u2026<\/p>","protected":false},"author":1,"featured_media":0,"parent":0,"menu_order":0,"comment_status":"closed","ping_status":"closed","template":"","meta":{"footnotes":""},"class_list":["post-1610","page","type-page","status-publish","hentry","description-off"],"aioseo_notices":[],"_links":{"self":[{"href":"https:\/\/gratereauxdelva.com\/fr\/wp-json\/wp\/v2\/pages\/1610","targetHints":{"allow":["GET"]}}],"collection":[{"href":"https:\/\/gratereauxdelva.com\/fr\/wp-json\/wp\/v2\/pages"}],"about":[{"href":"https:\/\/gratereauxdelva.com\/fr\/wp-json\/wp\/v2\/types\/page"}],"author":[{"embeddable":true,"href":"https:\/\/gratereauxdelva.com\/fr\/wp-json\/wp\/v2\/users\/1"}],"replies":[{"embeddable":true,"href":"https:\/\/gratereauxdelva.com\/fr\/wp-json\/wp\/v2\/comments?post=1610"}],"version-history":[{"count":3,"href":"https:\/\/gratereauxdelva.com\/fr\/wp-json\/wp\/v2\/pages\/1610\/revisions"}],"predecessor-version":[{"id":1670,"href":"https:\/\/gratereauxdelva.com\/fr\/wp-json\/wp\/v2\/pages\/1610\/revisions\/1670"}],"wp:attachment":[{"href":"https:\/\/gratereauxdelva.com\/fr\/wp-json\/wp\/v2\/media?parent=1610"}],"curies":[{"name":"wp","href":"https:\/\/api.w.org\/{rel}","templated":true}]}}