{"id":1608,"date":"2022-02-17T14:16:15","date_gmt":"2022-02-17T14:16:15","guid":{"rendered":"http:\/\/gratereauxdelva.com\/?page_id=1608"},"modified":"2026-04-06T16:50:27","modified_gmt":"2026-04-06T16:50:27","slug":"criminal-law","status":"publish","type":"page","link":"https:\/\/gratereauxdelva.com\/fr\/loi-criminelle\/","title":{"rendered":"Loi criminelle"},"content":{"rendered":"<div class=\"wpb-content-wrapper\"><div class=\"vc_row wpb_row vc_row-fluid\"><div class=\"wpb_column vc_column_container vc_col-sm-12\"><div class=\"vc_column-inner\"><div class=\"wpb_wrapper\">\n\t<div class=\"wpb_text_column wpb_content_element\" >\n\t\t<div class=\"wpb_wrapper\">\n\t\t\t<p>Gratereaux Delva &amp; Assoc. dispose d&#039;une \u00e9quipe d&#039;avocats ayant une exp\u00e9rience significative en droit p\u00e9nal, y compris la fraude financi\u00e8re et commerciale, les atteintes aux biens \u00e9conomiques et la s\u00e9curit\u00e9 informatique. Nous offrons des conseils sur les questions suivantes : fraude, fraude et d\u00e9tournement de fonds, criminalit\u00e9 \u00e9conomique, cybercriminalit\u00e9 et piraterie, pr\u00e9vention du blanchiment d&#039;argent et du financement du terrorisme, d\u00e9lits fiscaux et fiscaux, contrefa\u00e7on, d\u00e9lits environnementaux, propri\u00e9t\u00e9 intellectuelle, d\u00e9lits contre la propri\u00e9t\u00e9, n\u00e9gligence et crimes non intentionnels, extradition et droit p\u00e9nal international, droit p\u00e9nal g\u00e9n\u00e9ral et droit de proc\u00e9dure p\u00e9nale.<\/p>\n\n\t\t<\/div>\n\t<\/div>\n<\/div><\/div><\/div><\/div>\n<\/div>","protected":false},"excerpt":{"rendered":"<p>Gratereaux Delva &amp; Assoc. dispose d&#039;une \u00e9quipe d&#039;avocats poss\u00e9dant une exp\u00e9rience significative en droit p\u00e9nal, notamment en mati\u00e8re de fraude financi\u00e8re et commerciale, d&#039;atteinte aux biens \u00e9conomiques et de s\u00e9curit\u00e9 informatique. Nous proposons des conseils sur les probl\u00e9matiques suivantes : fraude, fraude et d\u00e9tournement de fonds des entreprises, criminalit\u00e9 \u00e9conomique, cybercriminalit\u00e9 et piraterie, pr\u00e9vention du blanchiment d&#039;argent et du financement du terrorisme, fiscalit\u00e9 et fiscalit\u00e9\u2026<\/p>","protected":false},"author":1,"featured_media":0,"parent":0,"menu_order":0,"comment_status":"closed","ping_status":"closed","template":"","meta":{"footnotes":""},"class_list":["post-1608","page","type-page","status-publish","hentry","description-off"],"aioseo_notices":[],"_links":{"self":[{"href":"https:\/\/gratereauxdelva.com\/fr\/wp-json\/wp\/v2\/pages\/1608","targetHints":{"allow":["GET"]}}],"collection":[{"href":"https:\/\/gratereauxdelva.com\/fr\/wp-json\/wp\/v2\/pages"}],"about":[{"href":"https:\/\/gratereauxdelva.com\/fr\/wp-json\/wp\/v2\/types\/page"}],"author":[{"embeddable":true,"href":"https:\/\/gratereauxdelva.com\/fr\/wp-json\/wp\/v2\/users\/1"}],"replies":[{"embeddable":true,"href":"https:\/\/gratereauxdelva.com\/fr\/wp-json\/wp\/v2\/comments?post=1608"}],"version-history":[{"count":3,"href":"https:\/\/gratereauxdelva.com\/fr\/wp-json\/wp\/v2\/pages\/1608\/revisions"}],"predecessor-version":[{"id":1669,"href":"https:\/\/gratereauxdelva.com\/fr\/wp-json\/wp\/v2\/pages\/1608\/revisions\/1669"}],"wp:attachment":[{"href":"https:\/\/gratereauxdelva.com\/fr\/wp-json\/wp\/v2\/media?parent=1608"}],"curies":[{"name":"wp","href":"https:\/\/api.w.org\/{rel}","templated":true}]}}