{"id":1601,"date":"2022-02-17T14:08:14","date_gmt":"2022-02-17T14:08:14","guid":{"rendered":"http:\/\/gratereauxdelva.com\/?page_id=1601"},"modified":"2026-04-06T16:50:24","modified_gmt":"2026-04-06T16:50:24","slug":"tourism","status":"publish","type":"page","link":"https:\/\/gratereauxdelva.com\/fr\/tourisme\/","title":{"rendered":"Tourisme"},"content":{"rendered":"<div class=\"wpb-content-wrapper\"><div class=\"vc_row wpb_row vc_row-fluid\"><div class=\"wpb_column vc_column_container vc_col-sm-12\"><div class=\"vc_column-inner\"><div class=\"wpb_wrapper\">\n\t<div class=\"wpb_text_column wpb_content_element\" >\n\t\t<div class=\"wpb_wrapper\">\n\t\t\t<p>En 2007, l&#039;Organisation mondiale du tourisme a d\u00e9sign\u00e9 la R\u00e9publique dominicaine comme &quot;la nation avec le plus grand potentiel touristique dans la r\u00e9gion des Cara\u00efbes&quot; (Dominicana on Line, 2008). Le pays dispose d&#039;atouts en termes de capacit\u00e9 h\u00f4teli\u00e8re et d&#039;investissements directs \u00e9trangers, ce qui a favoris\u00e9 le d\u00e9veloppement des infrastructures de la destination.<\/p>\n<p>La R\u00e9publique dominicaine a un cadre d&#039;investissement, ainsi que des lois pour des secteurs sp\u00e9cifiques. Le principe g\u00e9n\u00e9ral de ces lois est que les investisseurs \u00e9trangers et les investisseurs nationaux ont les m\u00eames droits et obligations en mati\u00e8re d&#039;investissement.<\/p>\n<p>Le pays dispose d&#039;un syst\u00e8me juridique compos\u00e9 d&#039;incitations et d&#039;avantages fiscaux pour promouvoir le d\u00e9veloppement du tourisme. Les personnes physiques ou morales qui investissent avec des promoteurs ou d\u00e9veloppeurs dans des projets touristiques peuvent d\u00e9duire de leur revenu net imposable le montant de leurs investissements.<\/p>\n<p>Notre cabinet poss\u00e8de une vaste exp\u00e9rience dans la repr\u00e9sentation de clients et d&#039;investisseurs \u00e9trangers dans l&#039;acquisition de propri\u00e9t\u00e9s et de projets touristiques.<\/p>\n\n\t\t<\/div>\n\t<\/div>\n<\/div><\/div><\/div><\/div>\n<\/div>","protected":false},"excerpt":{"rendered":"<p>En 2007, l&#039;Organisation mondiale du tourisme a d\u00e9sign\u00e9 la R\u00e9publique dominicaine comme \u00ab\u00a0la nation ayant le plus grand potentiel touristique dans la r\u00e9gion des Cara\u00efbes\u00a0\u00bb (Dominicana on Line, 2008). Le pays dispose d&#039;avantages en termes de capacit\u00e9 h\u00f4teli\u00e8re et d&#039;investissements directs \u00e9trangers, ce qui a favoris\u00e9 le d\u00e9veloppement des infrastructures de la destination. La R\u00e9publique Dominicaine a un investissement\u2026<\/p>","protected":false},"author":1,"featured_media":0,"parent":0,"menu_order":0,"comment_status":"closed","ping_status":"closed","template":"","meta":{"footnotes":""},"class_list":["post-1601","page","type-page","status-publish","hentry","description-off"],"aioseo_notices":[],"_links":{"self":[{"href":"https:\/\/gratereauxdelva.com\/fr\/wp-json\/wp\/v2\/pages\/1601","targetHints":{"allow":["GET"]}}],"collection":[{"href":"https:\/\/gratereauxdelva.com\/fr\/wp-json\/wp\/v2\/pages"}],"about":[{"href":"https:\/\/gratereauxdelva.com\/fr\/wp-json\/wp\/v2\/types\/page"}],"author":[{"embeddable":true,"href":"https:\/\/gratereauxdelva.com\/fr\/wp-json\/wp\/v2\/users\/1"}],"replies":[{"embeddable":true,"href":"https:\/\/gratereauxdelva.com\/fr\/wp-json\/wp\/v2\/comments?post=1601"}],"version-history":[{"count":3,"href":"https:\/\/gratereauxdelva.com\/fr\/wp-json\/wp\/v2\/pages\/1601\/revisions"}],"predecessor-version":[{"id":1664,"href":"https:\/\/gratereauxdelva.com\/fr\/wp-json\/wp\/v2\/pages\/1601\/revisions\/1664"}],"wp:attachment":[{"href":"https:\/\/gratereauxdelva.com\/fr\/wp-json\/wp\/v2\/media?parent=1601"}],"curies":[{"name":"wp","href":"https:\/\/api.w.org\/{rel}","templated":true}]}}