{"id":1622,"date":"2022-02-17T15:04:10","date_gmt":"2022-02-17T15:04:10","guid":{"rendered":"http:\/\/gratereauxdelva.com\/?page_id=1622"},"modified":"2022-03-18T07:42:55","modified_gmt":"2022-03-18T07:42:55","slug":"insurance","status":"publish","type":"page","link":"https:\/\/gratereauxdelva.com\/es\/seguro\/","title":{"rendered":"Seguros"},"content":{"rendered":"<p>Gratereaux Delva &amp; Asoc. es representante de la m\u00e1s grande y prestigiosa compa\u00f1\u00eda de seguros en Rep\u00fablica Dominicana, Seguros Universal, brindando todo tipo de servicios en materia de seguros, tanto en el ramo de Personas como en Riesgos Generales.<\/p>","protected":false},"excerpt":{"rendered":"<p>Gratereaux Delva &amp; Asoc. es representante de la m\u00e1s grande y prestigiosa compa\u00f1\u00eda de seguros en Rep\u00fablica Dominicana, Seguros Universal, brindando todo tipo de servicios en materia de seguros, tanto en el ramo de Personas como en Riesgos Generales.<\/p>","protected":false},"author":1,"featured_media":0,"parent":0,"menu_order":0,"comment_status":"closed","ping_status":"closed","template":"","meta":{"footnotes":""},"class_list":["post-1622","page","type-page","status-publish","hentry","description-off"],"aioseo_notices":[],"_links":{"self":[{"href":"https:\/\/gratereauxdelva.com\/es\/wp-json\/wp\/v2\/pages\/1622","targetHints":{"allow":["GET"]}}],"collection":[{"href":"https:\/\/gratereauxdelva.com\/es\/wp-json\/wp\/v2\/pages"}],"about":[{"href":"https:\/\/gratereauxdelva.com\/es\/wp-json\/wp\/v2\/types\/page"}],"author":[{"embeddable":true,"href":"https:\/\/gratereauxdelva.com\/es\/wp-json\/wp\/v2\/users\/1"}],"replies":[{"embeddable":true,"href":"https:\/\/gratereauxdelva.com\/es\/wp-json\/wp\/v2\/comments?post=1622"}],"version-history":[{"count":2,"href":"https:\/\/gratereauxdelva.com\/es\/wp-json\/wp\/v2\/pages\/1622\/revisions"}],"predecessor-version":[{"id":1678,"href":"https:\/\/gratereauxdelva.com\/es\/wp-json\/wp\/v2\/pages\/1622\/revisions\/1678"}],"wp:attachment":[{"href":"https:\/\/gratereauxdelva.com\/es\/wp-json\/wp\/v2\/media?parent=1622"}],"curies":[{"name":"wp","href":"https:\/\/api.w.org\/{rel}","templated":true}]}}