{"id":1620,"date":"2022-02-17T15:02:40","date_gmt":"2022-02-17T15:02:40","guid":{"rendered":"http:\/\/gratereauxdelva.com\/?page_id=1620"},"modified":"2022-03-18T07:42:11","modified_gmt":"2022-03-18T07:42:11","slug":"fiscal-and-tax-law","status":"publish","type":"page","link":"https:\/\/gratereauxdelva.com\/es\/derecho-fiscal-y-tributario\/","title":{"rendered":"Derecho Fiscal y Tributario"},"content":{"rendered":"<p>Nuestra experiencia y conocimiento del Derecho Tributario Dominicano- regulado por la ley- nos permite asesorar al cliente en la formaci\u00f3n de su sociedad o transacci\u00f3n, de manera que pueda obtener resultados ventajosos y conocimiento de los principales impuestos en Rep\u00fablica Dominicana.<\/p>\n\n\n\n<p>Ofrecemos nuestros servicios en la representaci\u00f3n de personas f\u00edsicas y jur\u00eddicas en controversias relacionadas a impuestos,\u00a0por investigaciones, multas, auditor\u00edas realizadas por agencias del gobierno o autoridades municipales.<\/p>\n\n\n\n<p>Representamos al cliente ante los tribunales contenciosos-tributarios, con motivo de impugnaciones contra decisiones de las autoridades impositivas.<\/p>","protected":false},"excerpt":{"rendered":"<p>Nuestra experiencia y conocimiento de la Ley Tributaria Dominicana nos permite brindar a los clientes asesor\u00eda en la constituci\u00f3n de su empresa o transacci\u00f3n, para que puedan obtener resultados ventajosos y adquirir conocimiento de los impuestos en la Rep\u00fablica Dominicana. Ofrecemos nuestros servicios en la representaci\u00f3n de personas naturales y jur\u00eddicas en controversias\u2026<\/p>","protected":false},"author":1,"featured_media":0,"parent":0,"menu_order":0,"comment_status":"closed","ping_status":"closed","template":"","meta":{"footnotes":""},"class_list":["post-1620","page","type-page","status-publish","hentry","description-off"],"aioseo_notices":[],"_links":{"self":[{"href":"https:\/\/gratereauxdelva.com\/es\/wp-json\/wp\/v2\/pages\/1620","targetHints":{"allow":["GET"]}}],"collection":[{"href":"https:\/\/gratereauxdelva.com\/es\/wp-json\/wp\/v2\/pages"}],"about":[{"href":"https:\/\/gratereauxdelva.com\/es\/wp-json\/wp\/v2\/types\/page"}],"author":[{"embeddable":true,"href":"https:\/\/gratereauxdelva.com\/es\/wp-json\/wp\/v2\/users\/1"}],"replies":[{"embeddable":true,"href":"https:\/\/gratereauxdelva.com\/es\/wp-json\/wp\/v2\/comments?post=1620"}],"version-history":[{"count":2,"href":"https:\/\/gratereauxdelva.com\/es\/wp-json\/wp\/v2\/pages\/1620\/revisions"}],"predecessor-version":[{"id":1677,"href":"https:\/\/gratereauxdelva.com\/es\/wp-json\/wp\/v2\/pages\/1620\/revisions\/1677"}],"wp:attachment":[{"href":"https:\/\/gratereauxdelva.com\/es\/wp-json\/wp\/v2\/media?parent=1620"}],"curies":[{"name":"wp","href":"https:\/\/api.w.org\/{rel}","templated":true}]}}