{"id":1618,"date":"2022-02-17T15:01:47","date_gmt":"2022-02-17T15:01:47","guid":{"rendered":"http:\/\/gratereauxdelva.com\/?page_id=1618"},"modified":"2022-03-18T07:41:22","modified_gmt":"2022-03-18T07:41:22","slug":"immigration-law","status":"publish","type":"page","link":"https:\/\/gratereauxdelva.com\/es\/ley-inmigracion\/","title":{"rendered":"Derecho Migratorio"},"content":{"rendered":"<p>Gratereaux Delva &amp; Asoc. gestiona un gran n\u00famero de residencias y nacionalidades dominicanas para extranjeros, asesoramos al cliente desde antes de su llegada al pa\u00eds hasta instalarse en Rep\u00fablica Dominicana en los siguientes tr\u00e1mites:<\/p>\n\n\n\n<p>1. Aplicaci\u00f3n para obtenci\u00f3n y renovaci\u00f3n de residencias ordinarias y por inversi\u00f3n<\/p>\n\n\n\n<p>2. Obtenci\u00f3n de nacionalidad dominicana<\/p>\n\n\n\n<p>3. Permisos de salida para menores<\/p>","protected":false},"excerpt":{"rendered":"<p>Gratereaux Delva &amp; Asoc. gestiona numerosas residencias y nacionalidades dominicanas para extranjeros, asesoramos al cliente previo a su llegada al pa\u00eds, hasta su instalaci\u00f3n en suelo dominicano y especializ\u00e1ndonos en los siguientes tr\u00e1mites: 1. Solicitud de obtenci\u00f3n y renovaci\u00f3n de residencias ordinarias y de inversi\u00f3n 2. Obtenci\u00f3n de residencias dominicanas Nacionalidad 3. Permisos de salida para menores.<\/p>","protected":false},"author":1,"featured_media":0,"parent":0,"menu_order":0,"comment_status":"closed","ping_status":"closed","template":"","meta":{"footnotes":""},"class_list":["post-1618","page","type-page","status-publish","hentry","description-off"],"aioseo_notices":[],"_links":{"self":[{"href":"https:\/\/gratereauxdelva.com\/es\/wp-json\/wp\/v2\/pages\/1618","targetHints":{"allow":["GET"]}}],"collection":[{"href":"https:\/\/gratereauxdelva.com\/es\/wp-json\/wp\/v2\/pages"}],"about":[{"href":"https:\/\/gratereauxdelva.com\/es\/wp-json\/wp\/v2\/types\/page"}],"author":[{"embeddable":true,"href":"https:\/\/gratereauxdelva.com\/es\/wp-json\/wp\/v2\/users\/1"}],"replies":[{"embeddable":true,"href":"https:\/\/gratereauxdelva.com\/es\/wp-json\/wp\/v2\/comments?post=1618"}],"version-history":[{"count":2,"href":"https:\/\/gratereauxdelva.com\/es\/wp-json\/wp\/v2\/pages\/1618\/revisions"}],"predecessor-version":[{"id":1676,"href":"https:\/\/gratereauxdelva.com\/es\/wp-json\/wp\/v2\/pages\/1618\/revisions\/1676"}],"wp:attachment":[{"href":"https:\/\/gratereauxdelva.com\/es\/wp-json\/wp\/v2\/media?parent=1618"}],"curies":[{"name":"wp","href":"https:\/\/api.w.org\/{rel}","templated":true}]}}