{"id":1610,"date":"2022-02-17T14:22:58","date_gmt":"2022-02-17T14:22:58","guid":{"rendered":"http:\/\/gratereauxdelva.com\/?page_id=1610"},"modified":"2026-04-06T16:50:28","modified_gmt":"2026-04-06T16:50:28","slug":"civil-law","status":"publish","type":"page","link":"https:\/\/gratereauxdelva.com\/es\/ley-civil\/","title":{"rendered":"Derecho Civil"},"content":{"rendered":"<div class=\"wpb-content-wrapper\"><div class=\"vc_row wpb_row vc_row-fluid\"><div class=\"wpb_column vc_column_container vc_col-sm-12\"><div class=\"vc_column-inner\"><div class=\"wpb_wrapper\">\n\t<div class=\"wpb_text_column wpb_content_element\" >\n\t\t<div class=\"wpb_wrapper\">\n\t\t\t<p>En Gratereaux Delva &amp; Asoc. garantizamos a nuestros clientes los mejores resultados, independiente a cu\u00e1l sea el problema familiar o civil que atraviesen. Es importante acotar que un abogado civil es especialista en temas de herencias y sucesiones, contratos, derecho de familia, divorcios, separaciones de bienes, hipotecas judiciales y convencionales. A su vez, ayudamos a mediar disputas entre individuos y organizaciones.<\/p>\n\n\t\t<\/div>\n\t<\/div>\n<\/div><\/div><\/div><\/div>\n<\/div>","protected":false},"excerpt":{"rendered":"<p>En Gratereaux Delva &amp; Assoc. Garantizamos a nuestros clientes los mejores resultados, sin importar el problema familiar o civil que est\u00e9n atravesando. Es importante resaltar que un abogado civil se especializa en temas de herencia y sucesi\u00f3n, contratos, derecho de familia, divorcio, separaci\u00f3n de bienes, hipotecas judiciales e hipotecas convencionales. Adem\u00e1s, ayudamos a mediar disputas...<\/p>","protected":false},"author":1,"featured_media":0,"parent":0,"menu_order":0,"comment_status":"closed","ping_status":"closed","template":"","meta":{"footnotes":""},"class_list":["post-1610","page","type-page","status-publish","hentry","description-off"],"aioseo_notices":[],"_links":{"self":[{"href":"https:\/\/gratereauxdelva.com\/es\/wp-json\/wp\/v2\/pages\/1610","targetHints":{"allow":["GET"]}}],"collection":[{"href":"https:\/\/gratereauxdelva.com\/es\/wp-json\/wp\/v2\/pages"}],"about":[{"href":"https:\/\/gratereauxdelva.com\/es\/wp-json\/wp\/v2\/types\/page"}],"author":[{"embeddable":true,"href":"https:\/\/gratereauxdelva.com\/es\/wp-json\/wp\/v2\/users\/1"}],"replies":[{"embeddable":true,"href":"https:\/\/gratereauxdelva.com\/es\/wp-json\/wp\/v2\/comments?post=1610"}],"version-history":[{"count":3,"href":"https:\/\/gratereauxdelva.com\/es\/wp-json\/wp\/v2\/pages\/1610\/revisions"}],"predecessor-version":[{"id":1670,"href":"https:\/\/gratereauxdelva.com\/es\/wp-json\/wp\/v2\/pages\/1610\/revisions\/1670"}],"wp:attachment":[{"href":"https:\/\/gratereauxdelva.com\/es\/wp-json\/wp\/v2\/media?parent=1610"}],"curies":[{"name":"wp","href":"https:\/\/api.w.org\/{rel}","templated":true}]}}