{"id":1608,"date":"2022-02-17T14:16:15","date_gmt":"2022-02-17T14:16:15","guid":{"rendered":"http:\/\/gratereauxdelva.com\/?page_id=1608"},"modified":"2026-04-06T16:50:27","modified_gmt":"2026-04-06T16:50:27","slug":"criminal-law","status":"publish","type":"page","link":"https:\/\/gratereauxdelva.com\/es\/derecho-penal\/","title":{"rendered":"Derecho penal"},"content":{"rendered":"<div class=\"wpb-content-wrapper\"><div class=\"vc_row wpb_row vc_row-fluid\"><div class=\"wpb_column vc_column_container vc_col-sm-12\"><div class=\"vc_column-inner\"><div class=\"wpb_wrapper\">\n\t<div class=\"wpb_text_column wpb_content_element\" >\n\t\t<div class=\"wpb_wrapper\">\n\t\t\t<p>Gratereaux Delva &amp; Asoc. cuenta con un equipo de abogados con una experiencia significativa en temas de derecho penal, incluyendo fraudes financieros y empresariales, lesiones al patrimonio econ\u00f3mico y seguridad inform\u00e1tica. Ofrecemos orientaci\u00f3n sobre las siguientes problem\u00e1ticas: defraudaciones y estafas, fraudes corporativos y malversaci\u00f3n de fondos, delitos econ\u00f3micos, cibercrimen y pirater\u00eda, prevenci\u00f3n del lavado de activos y financiaci\u00f3n del terrorismo, delitos fiscales y tributarios, falsificaci\u00f3n, delitos ambientales, propiedad intelectual, delitos contra la propiedad, negligencia y delitos no intencionales, extradici\u00f3n y derecho penal internacional, derecho penal general y derecho procesal penal.<\/p>\n\n\t\t<\/div>\n\t<\/div>\n<\/div><\/div><\/div><\/div>\n<\/div>","protected":false},"excerpt":{"rendered":"<p>Gratereaux Delva &amp; Asoc. cuenta con un equipo de abogados con importante experiencia en derecho penal, incluyendo fraude financiero y empresarial, da\u00f1os a activos econ\u00f3micos y seguridad inform\u00e1tica. Ofrecemos asesoramiento en las siguientes materias: fraude, fraude empresarial y malversaci\u00f3n de fondos, delitos econ\u00f3micos, ciberdelincuencia y pirater\u00eda, prevenci\u00f3n del blanqueo de capitales y financiaci\u00f3n del terrorismo, asuntos fiscales y tributarios\u2026<\/p>","protected":false},"author":1,"featured_media":0,"parent":0,"menu_order":0,"comment_status":"closed","ping_status":"closed","template":"","meta":{"footnotes":""},"class_list":["post-1608","page","type-page","status-publish","hentry","description-off"],"aioseo_notices":[],"_links":{"self":[{"href":"https:\/\/gratereauxdelva.com\/es\/wp-json\/wp\/v2\/pages\/1608","targetHints":{"allow":["GET"]}}],"collection":[{"href":"https:\/\/gratereauxdelva.com\/es\/wp-json\/wp\/v2\/pages"}],"about":[{"href":"https:\/\/gratereauxdelva.com\/es\/wp-json\/wp\/v2\/types\/page"}],"author":[{"embeddable":true,"href":"https:\/\/gratereauxdelva.com\/es\/wp-json\/wp\/v2\/users\/1"}],"replies":[{"embeddable":true,"href":"https:\/\/gratereauxdelva.com\/es\/wp-json\/wp\/v2\/comments?post=1608"}],"version-history":[{"count":3,"href":"https:\/\/gratereauxdelva.com\/es\/wp-json\/wp\/v2\/pages\/1608\/revisions"}],"predecessor-version":[{"id":1669,"href":"https:\/\/gratereauxdelva.com\/es\/wp-json\/wp\/v2\/pages\/1608\/revisions\/1669"}],"wp:attachment":[{"href":"https:\/\/gratereauxdelva.com\/es\/wp-json\/wp\/v2\/media?parent=1608"}],"curies":[{"name":"wp","href":"https:\/\/api.w.org\/{rel}","templated":true}]}}