{"id":1606,"date":"2022-02-17T14:13:54","date_gmt":"2022-02-17T14:13:54","guid":{"rendered":"http:\/\/gratereauxdelva.com\/?page_id=1606"},"modified":"2026-04-06T16:50:25","modified_gmt":"2026-04-06T16:50:25","slug":"divorce","status":"publish","type":"page","link":"https:\/\/gratereauxdelva.com\/es\/divorcio\/","title":{"rendered":"Divorcio"},"content":{"rendered":"<div class=\"wpb-content-wrapper\"><div class=\"vc_row wpb_row vc_row-fluid\"><div class=\"wpb_column vc_column_container vc_col-sm-12\"><div class=\"vc_column-inner\"><div class=\"wpb_wrapper\">\n\t<div class=\"wpb_text_column wpb_content_element\" >\n\t\t<div class=\"wpb_wrapper\">\n\t\t\t<p>El divorcio R\u00e1pido o a Vapor se instituy\u00f3 en nuestro pa\u00eds para brindar soluciones satisfactorias y \u00e1giles, sobre todo para aquellas personas que contrajeron matrimonio en otra naci\u00f3n, quienes califican para obtener una sentencia de divorcio en la Rep\u00fablica Dominicana en corto plazo.<\/p>\n<p>No obstante, se requiere que sean residentes en el extranjero, que hayan contra\u00eddo nupcias en otras naciones, o que sean nacionales de otros pa\u00edses. Adem\u00e1s, que elijan libre y voluntariamente otorgar competencia a un tribunal dominicano para la terminaci\u00f3n de su matrimonio. A trav\u00e9s del apoderamiento a nuestras oficinas, realizamos este tr\u00e1mite, el cual inicia una vez sean suministrados los documentos solicitados. Durante todo este proceso solo debe presentarse uno de los c\u00f3nyuges y en una \u00fanica ocasi\u00f3n.<\/p>\n\n\t\t<\/div>\n\t<\/div>\n<\/div><\/div><\/div><\/div>\n<\/div>","protected":false},"excerpt":{"rendered":"<p>El Divorcio Express o &#039;A Vapor&#039; fue instituido en nuestro pa\u00eds para brindar soluciones satisfactorias y \u00e1giles, especialmente a personas que contrajeron matrimonio en otra naci\u00f3n, y que califican para obtener un divorcio en Rep\u00fablica Dominicana en un corto per\u00edodo de tiempo. Sin embargo, se requiere que sean residentes en el extranjero, contra\u00eddo matrimonio en otro\u2026<\/p>","protected":false},"author":1,"featured_media":0,"parent":0,"menu_order":0,"comment_status":"closed","ping_status":"closed","template":"","meta":{"footnotes":""},"class_list":["post-1606","page","type-page","status-publish","hentry","description-off"],"aioseo_notices":[],"_links":{"self":[{"href":"https:\/\/gratereauxdelva.com\/es\/wp-json\/wp\/v2\/pages\/1606","targetHints":{"allow":["GET"]}}],"collection":[{"href":"https:\/\/gratereauxdelva.com\/es\/wp-json\/wp\/v2\/pages"}],"about":[{"href":"https:\/\/gratereauxdelva.com\/es\/wp-json\/wp\/v2\/types\/page"}],"author":[{"embeddable":true,"href":"https:\/\/gratereauxdelva.com\/es\/wp-json\/wp\/v2\/users\/1"}],"replies":[{"embeddable":true,"href":"https:\/\/gratereauxdelva.com\/es\/wp-json\/wp\/v2\/comments?post=1606"}],"version-history":[{"count":2,"href":"https:\/\/gratereauxdelva.com\/es\/wp-json\/wp\/v2\/pages\/1606\/revisions"}],"predecessor-version":[{"id":1668,"href":"https:\/\/gratereauxdelva.com\/es\/wp-json\/wp\/v2\/pages\/1606\/revisions\/1668"}],"wp:attachment":[{"href":"https:\/\/gratereauxdelva.com\/es\/wp-json\/wp\/v2\/media?parent=1606"}],"curies":[{"name":"wp","href":"https:\/\/api.w.org\/{rel}","templated":true}]}}