{"id":1604,"date":"2022-02-17T14:11:55","date_gmt":"2022-02-17T14:11:55","guid":{"rendered":"http:\/\/gratereauxdelva.com\/?page_id=1604"},"modified":"2022-02-17T14:11:57","modified_gmt":"2022-02-17T14:11:57","slug":"inheritance","status":"publish","type":"page","link":"https:\/\/gratereauxdelva.com\/es\/herencia\/","title":{"rendered":"Sucesiones"},"content":{"rendered":"<p>Gratereaux Delva &amp; Asoc. cuenta con una amplia y reconocida trayectoria en asesoramiento personal relacionado al derecho sucesorio.<\/p>\n\n\n\n<ol class=\"wp-block-list\"><li>Asesoramiento en la preparaci\u00f3n de testamentos: Inicio de sucesiones, tanto testamentarias como intestadas, legados, administraci\u00f3n del acervo sucesorio, b\u00fasqueda e identificaci\u00f3n del patrimonio hereditario, recuperaci\u00f3n de bienes en poder de terceros, impugnaci\u00f3n de actos simulados, reconocimiento de la condici\u00f3n de heredero y conflictos sucesorios en general.<\/li><li>Asesoramiento sobre el destino de los bienes ante el fallecimiento y sobre las acciones judiciales en defensa de los derechos sucesorios.<\/li><li>Transmisi\u00f3n sucesoria y capacidad para suceder.<\/li><li>Procedimiento sucesorio.<\/li><li>Particiones judiciales y privadas. Particiones mixtas y homologaci\u00f3n de acuerdos de partici\u00f3n amigable.<\/li><\/ol>\n\n\n\n<p><\/p>","protected":false},"excerpt":{"rendered":"<p>Gratereaux Delva &amp; Asoc. cuenta con una amplia y reconocida experiencia en el asesoramiento personal relacionado con el Derecho Sucesorio. Asesoramiento en la preparaci\u00f3n de testamentos; iniciaci\u00f3n de sucesiones, tanto testamentarias como intestadas; legados; administraci\u00f3n del patrimonio sucesorio; b\u00fasqueda e identificaci\u00f3n de bienes patrimoniales; recuperaci\u00f3n de activos en poder de terceros; impugnaci\u00f3n de actos simulados; reconocimiento de la\u2026<\/p>","protected":false},"author":1,"featured_media":0,"parent":0,"menu_order":0,"comment_status":"closed","ping_status":"closed","template":"","meta":{"footnotes":""},"class_list":["post-1604","page","type-page","status-publish","hentry","description-off"],"aioseo_notices":[],"_links":{"self":[{"href":"https:\/\/gratereauxdelva.com\/es\/wp-json\/wp\/v2\/pages\/1604","targetHints":{"allow":["GET"]}}],"collection":[{"href":"https:\/\/gratereauxdelva.com\/es\/wp-json\/wp\/v2\/pages"}],"about":[{"href":"https:\/\/gratereauxdelva.com\/es\/wp-json\/wp\/v2\/types\/page"}],"author":[{"embeddable":true,"href":"https:\/\/gratereauxdelva.com\/es\/wp-json\/wp\/v2\/users\/1"}],"replies":[{"embeddable":true,"href":"https:\/\/gratereauxdelva.com\/es\/wp-json\/wp\/v2\/comments?post=1604"}],"version-history":[{"count":1,"href":"https:\/\/gratereauxdelva.com\/es\/wp-json\/wp\/v2\/pages\/1604\/revisions"}],"predecessor-version":[{"id":1605,"href":"https:\/\/gratereauxdelva.com\/es\/wp-json\/wp\/v2\/pages\/1604\/revisions\/1605"}],"wp:attachment":[{"href":"https:\/\/gratereauxdelva.com\/es\/wp-json\/wp\/v2\/media?parent=1604"}],"curies":[{"name":"wp","href":"https:\/\/api.w.org\/{rel}","templated":true}]}}