{"id":1601,"date":"2022-02-17T14:08:14","date_gmt":"2022-02-17T14:08:14","guid":{"rendered":"http:\/\/gratereauxdelva.com\/?page_id=1601"},"modified":"2026-04-06T16:50:24","modified_gmt":"2026-04-06T16:50:24","slug":"tourism","status":"publish","type":"page","link":"https:\/\/gratereauxdelva.com\/es\/turismo\/","title":{"rendered":"Turismo"},"content":{"rendered":"<div class=\"wpb-content-wrapper\"><div class=\"vc_row wpb_row vc_row-fluid\"><div class=\"wpb_column vc_column_container vc_col-sm-12\"><div class=\"vc_column-inner\"><div class=\"wpb_wrapper\">\n\t<div class=\"wpb_text_column wpb_content_element\" >\n\t\t<div class=\"wpb_wrapper\">\n\t\t\t<p>En el 2007, la Organizaci\u00f3n Mundial del Turismo designo\u0301 a la Rep\u00fablica Dominicana como \u201cLa naci\u00f3n de mayor potencial en materia tur\u00edstica dentro del \u00e1rea del Caribe\u201d (Dominicana on Line, 2008). El pa\u00eds presenta ventajas en capacidad hotelera e inversi\u00f3n extranjera directa, lo que ha favorecido el desarrollo de la infraestructura del destino.<\/p>\n<p>La Rep\u00fablica Dominicana tiene un marco general sobre inversiones, al igual que leyes para los sectores espec\u00edficos. El principio general de estas leyes es que los inversionistas extranjeros e inversionistas nacionales tienen los mismos derechos y obligaciones en materia de inversi\u00f3n.<\/p>\n<p>La Rep\u00fablica Dominicana cuenta con un r\u00e9gimen jur\u00eddico de incentivos y beneficios fiscales para el fomento del desarrollo tur\u00edstico. Las personas f\u00edsicas o morales que inviertan con los promotores o desarrolladores en los proyectos tur\u00edsticos podr\u00e1n deducir o desgravar de su renta neta gravable el monto de sus inversiones.<\/p>\n<p>Nuestra firma posee una gran experiencia en la representaci\u00f3n de clientes e inversionistas extranjeros en la realizaci\u00f3n de adquisici\u00f3n de propiedades y de proyectos tur\u00edsticos.<\/p>\n\n\t\t<\/div>\n\t<\/div>\n<\/div><\/div><\/div><\/div>\n<\/div>","protected":false},"excerpt":{"rendered":"<p>En 2007, la Organizaci\u00f3n Mundial del Turismo design\u00f3 a la Rep\u00fablica Dominicana como \u201cLa naci\u00f3n con mayor potencial tur\u00edstico dentro del \u00e1rea del Caribe\u201d (Dominicana on Line, 2008). El pa\u00eds tiene ventajas en t\u00e9rminos de capacidad hotelera e inversi\u00f3n extranjera directa, lo que ha favorecido el desarrollo de la infraestructura del destino. Rep\u00fablica Dominicana tiene una inversi\u00f3n\u2026<\/p>","protected":false},"author":1,"featured_media":0,"parent":0,"menu_order":0,"comment_status":"closed","ping_status":"closed","template":"","meta":{"footnotes":""},"class_list":["post-1601","page","type-page","status-publish","hentry","description-off"],"aioseo_notices":[],"_links":{"self":[{"href":"https:\/\/gratereauxdelva.com\/es\/wp-json\/wp\/v2\/pages\/1601","targetHints":{"allow":["GET"]}}],"collection":[{"href":"https:\/\/gratereauxdelva.com\/es\/wp-json\/wp\/v2\/pages"}],"about":[{"href":"https:\/\/gratereauxdelva.com\/es\/wp-json\/wp\/v2\/types\/page"}],"author":[{"embeddable":true,"href":"https:\/\/gratereauxdelva.com\/es\/wp-json\/wp\/v2\/users\/1"}],"replies":[{"embeddable":true,"href":"https:\/\/gratereauxdelva.com\/es\/wp-json\/wp\/v2\/comments?post=1601"}],"version-history":[{"count":3,"href":"https:\/\/gratereauxdelva.com\/es\/wp-json\/wp\/v2\/pages\/1601\/revisions"}],"predecessor-version":[{"id":1664,"href":"https:\/\/gratereauxdelva.com\/es\/wp-json\/wp\/v2\/pages\/1601\/revisions\/1664"}],"wp:attachment":[{"href":"https:\/\/gratereauxdelva.com\/es\/wp-json\/wp\/v2\/media?parent=1601"}],"curies":[{"name":"wp","href":"https:\/\/api.w.org\/{rel}","templated":true}]}}