{"id":1599,"date":"2022-02-17T14:05:15","date_gmt":"2022-02-17T14:05:15","guid":{"rendered":"http:\/\/gratereauxdelva.com\/?page_id=1599"},"modified":"2026-04-06T16:50:22","modified_gmt":"2026-04-06T16:50:22","slug":"real-estate-law","status":"publish","type":"page","link":"https:\/\/gratereauxdelva.com\/es\/derecho-inmobiliario\/","title":{"rendered":"Derecho Inmobiliario"},"content":{"rendered":"<div class=\"wpb-content-wrapper\"><div class=\"vc_row wpb_row vc_row-fluid\"><div class=\"wpb_column vc_column_container vc_col-sm-12\"><div class=\"vc_column-inner\"><div class=\"wpb_wrapper\">\n\t<div class=\"wpb_text_column wpb_content_element\" >\n\t\t<div class=\"wpb_wrapper\">\n\t\t\t<p>Nuestra firma maneja todos los aspectos relacionados a la compraventa de inmuebles, desde el inicio de la transacci\u00f3n hasta la conclusi\u00f3n de esta, representando al cliente durante todo el proceso. La asistencia que ofrecemos comprende desde la adquisici\u00f3n de viviendas, unidades de condominios, fincas, hasta la adquisici\u00f3n de grandes superficies para el desarrollo de proyectos, urbanizaciones, hoteles, constituci\u00f3n de condominios, gestiones de pr\u00e9stamo para adquisici\u00f3n de propiedades, seguros, y contratos de construcci\u00f3n.<br \/>Tenemos amplia formaci\u00f3n y dominio de la nueva ley de Registro Inmobiliario-Ley 108-05- sus reglamentos y leyes complementarias.<\/p>\n<p>Asesoramos al cliente sobre las restricciones y regulaciones gubernamentales y\/o municipales de zonas, uso de la tierra y medio ambiente, de modo que el cliente obtenga el conocimiento previo, en base a la viabilidad del proyecto.<\/p>\n<p>Realizamos todas las diligencias hasta la obtenci\u00f3n del certificado de t\u00edtulo a nombre del cliente, represent\u00e1ndolo y velando por sus intereses en la\u00a0gesti\u00f3n de autorizaciones de construcci\u00f3n, pago de impuestos y aprobaci\u00f3n de proyectos.<\/p>\n<p>Asimismo, nos encargamos de los procesos de cobros compulsivos, desalojo de propiedades, litis sobre terrenos, asesor\u00eda para el arrendamiento residencial y comercial.<\/p>\n\n\t\t<\/div>\n\t<\/div>\n<\/div><\/div><\/div><\/div>\n<\/div>","protected":false},"excerpt":{"rendered":"<p>La firma maneja todos los aspectos relacionados con la compraventa de bienes inmuebles, desde el inicio de la transacci\u00f3n hasta su conclusi\u00f3n, representando al cliente durante todo el proceso. La asistencia que ofrecemos va desde la adquisici\u00f3n de viviendas, unidades en condominio o fincas, hasta la adquisici\u00f3n de grandes superficies para el desarrollo de proyectos, urbanizaciones, hoteles,\u2026<\/p>","protected":false},"author":1,"featured_media":0,"parent":0,"menu_order":0,"comment_status":"closed","ping_status":"closed","template":"","meta":{"footnotes":""},"class_list":["post-1599","page","type-page","status-publish","hentry","description-off"],"aioseo_notices":[],"_links":{"self":[{"href":"https:\/\/gratereauxdelva.com\/es\/wp-json\/wp\/v2\/pages\/1599","targetHints":{"allow":["GET"]}}],"collection":[{"href":"https:\/\/gratereauxdelva.com\/es\/wp-json\/wp\/v2\/pages"}],"about":[{"href":"https:\/\/gratereauxdelva.com\/es\/wp-json\/wp\/v2\/types\/page"}],"author":[{"embeddable":true,"href":"https:\/\/gratereauxdelva.com\/es\/wp-json\/wp\/v2\/users\/1"}],"replies":[{"embeddable":true,"href":"https:\/\/gratereauxdelva.com\/es\/wp-json\/wp\/v2\/comments?post=1599"}],"version-history":[{"count":2,"href":"https:\/\/gratereauxdelva.com\/es\/wp-json\/wp\/v2\/pages\/1599\/revisions"}],"predecessor-version":[{"id":1663,"href":"https:\/\/gratereauxdelva.com\/es\/wp-json\/wp\/v2\/pages\/1599\/revisions\/1663"}],"wp:attachment":[{"href":"https:\/\/gratereauxdelva.com\/es\/wp-json\/wp\/v2\/media?parent=1599"}],"curies":[{"name":"wp","href":"https:\/\/api.w.org\/{rel}","templated":true}]}}